{"id":71,"date":"2010-09-26T06:27:01","date_gmt":"2010-09-26T04:27:01","guid":{"rendered":"http:\/\/holafors.vildavastra.se\/?page_id=71"},"modified":"2011-02-16T16:57:59","modified_gmt":"2011-02-16T15:57:59","slug":"kjell-berattar","status":"publish","type":"page","link":"https:\/\/holafors.vildavastra.se\/?page_id=71","title":{"rendered":"Kjell"},"content":{"rendered":"<div class=\"mceTemp\">\n<div class=\"mceTemp\">\n<p>H\u00e4r kommer Kjell att ber\u00e4tta om sina minnen fr\u00e5n skolan, lekar, n\u00f6jen, f\u00f6rsta jobben mm.<\/p>\n<\/div>\n<div class=\"mceTemp\"><a rel=\"attachment wp-att-668\" href=\"http:\/\/holafors.vildavastra.se\/?attachment_id=668\"><img loading=\"lazy\" decoding=\"async\" class=\"size-thumbnail wp-image-668 \" title=\"Kjell 1954 \" src=\"http:\/\/holafors.vildavastra.se\/wp-content\/uploads\/2010\/09\/Kiosken_1954_1-150x147.jpg\" alt=\"Kjell 1954 \" width=\"150\" height=\"147\" srcset=\"https:\/\/holafors.vildavastra.se\/wp-content\/uploads\/2010\/09\/Kiosken_1954_1-150x147.jpg 150w, https:\/\/holafors.vildavastra.se\/wp-content\/uploads\/2010\/09\/Kiosken_1954_1-400x393.jpg 400w, https:\/\/holafors.vildavastra.se\/wp-content\/uploads\/2010\/09\/Kiosken_1954_1.jpg 900w\" sizes=\"auto, (max-width: 150px) 100vw, 150px\" \/><\/a> <\/p>\n<dl id=\"attachment_73\" class=\"wp-caption alignnone\" style=\"width: 160px;\">\n<dt class=\"wp-caption-dt\"><a rel=\"attachment wp-att-73\" href=\"http:\/\/holafors.vildavastra.se\/?attachment_id=73\"><img loading=\"lazy\" decoding=\"async\" class=\"size-thumbnail wp-image-73  \" title=\"Kjell 8 m\u00e5nader\" src=\"http:\/\/holafors.vildavastra.se\/wp-content\/uploads\/2010\/09\/IMG_0001-150x150.jpg\" alt=\"Kjell 8 m\u00e5nader\" width=\"150\" height=\"150\" \/><\/a><\/dt>\n<dd class=\"wp-caption-dd\">Kjell 8 m\u00e5n i pappa Hildings kn\u00e4<\/dd>\n<\/dl>\n<\/div>\n<p>\u00a0<\/p>\n<dl id=\"attachment_77\" class=\"wp-caption alignnone\" style=\"width: 310px;\">\n<dt class=\"wp-caption-dt\"><a href=\"http:\/\/holafors.vildavastra.se\/wp-content\/uploads\/2010\/09\/IMG_0002.jpg\"><img loading=\"lazy\" decoding=\"async\" class=\"size-medium wp-image-77\" title=\"IMG_0002\" src=\"http:\/\/holafors.vildavastra.se\/wp-content\/uploads\/2010\/09\/IMG_0002-300x192.jpg\" alt=\"\" width=\"300\" height=\"192\" srcset=\"https:\/\/holafors.vildavastra.se\/wp-content\/uploads\/2010\/09\/IMG_0002-300x192.jpg 300w, https:\/\/holafors.vildavastra.se\/wp-content\/uploads\/2010\/09\/IMG_0002.jpg 1008w\" sizes=\"auto, (max-width: 300px) 100vw, 300px\" \/><\/a><\/dt>\n<dd class=\"wp-caption-dd\">Kjell tillsammans med sina sm\u00e5br\u00f6der Tony och Leif och kusin Gudrun<\/dd>\n<\/dl>\n<p>\u00a0<\/p>\n<dl id=\"attachment_75\" class=\"wp-caption alignnone\" style=\"width: 310px;\">\n<dt class=\"wp-caption-dt\"><a href=\"http:\/\/holafors.vildavastra.se\/wp-content\/uploads\/2010\/09\/IMG1.jpg\"><img loading=\"lazy\" decoding=\"async\" class=\"size-medium wp-image-75\" title=\"IMG\" src=\"http:\/\/holafors.vildavastra.se\/wp-content\/uploads\/2010\/09\/IMG1-300x193.jpg\" alt=\"\" width=\"300\" height=\"193\" srcset=\"https:\/\/holafors.vildavastra.se\/wp-content\/uploads\/2010\/09\/IMG1-300x193.jpg 300w, https:\/\/holafors.vildavastra.se\/wp-content\/uploads\/2010\/09\/IMG1-1024x659.jpg 1024w, https:\/\/holafors.vildavastra.se\/wp-content\/uploads\/2010\/09\/IMG1.jpg 1044w\" sizes=\"auto, (max-width: 300px) 100vw, 300px\" \/><\/a><\/dt>\n<dd class=\"wp-caption-dd\">Kjell 2 \u00e5r. Bakom syns bla. Sundvalls och gamla skolan<\/dd>\n<\/dl>\n<p>\u00a0Jag \u00e4r f\u00f6dd den 8 februari 1934 i min mormors kammare h\u00e4r i Holafors. Samma \u00e5r dog min morfar August, vi fick aldrig tr\u00e4ffas. En ung nyutbildad barnmorska f\u00f6rl\u00f6ste mig. Hon hette Signe Molander och kom fr\u00e5n N\u00e4s\u00e5ker. Jag blev det f\u00f6rsta barn hon som nyutexaminerad hj\u00e4lpte till v\u00e4rlden. Mina f\u00f6r\u00e4ldrar var nygifta och utan bostad. Jag och min mamma bodde till att b\u00f6rja med hos mormor. N\u00e4r sommaren kom, bodde vi alla tillsammans i\u00a0 mormors bryggstuga. Men innan vintern hade vi f\u00e5tt flytta till Robert Lundins nere i byn. D\u00e4r fick vi hyra en stuga p\u00e5 deras g\u00e5rd. Min pappa arbetade i skogen och vid olika v\u00e4gbyggen, som gjorde att han ofta var borta hemifr\u00e5n. Mamma fortsatte att g\u00e5 i dagsverke hos b\u00f6nderna, som hon gjort tidigare innan jag f\u00f6ddes. D\u00e5 fick jag vara hos mormor. Jag har en storebror som heter Singvall. Vi har inte samma pappa, men han kallade min pappa f\u00f6r sin pappa. N\u00e4r jag var sju \u00e5r fick jag b\u00f6rja skolan hemma i byn. Min l\u00e4rarinna hette Berta Sundvall och var gift med\u00a0Johannes Sundvall, en bondson h\u00e4rifr\u00e5n byn, kusin till min mamma. Jag tyckte inte om att g\u00e5 i skolan. En dag best\u00e4mde jag mig f\u00f6r att g\u00e5 hem, men det skulle jag inte ha gjort. Mamma br\u00f6t en bj\u00f6rk vidja och slog mig p\u00e5 benen och tvingade mig att g\u00e5 tillbaka till skolan. &#8221; Du ska g\u00e5 i skolan som andra barn, sk\u00e4mma ut mig s\u00e5 h\u00e4r&#8221;&#8211;\u00a0 Gr\u00e5tande sprang jag tillbaka till skolan. Tordes aldrig mer g\u00e5 hem utan lov. Mamma hotade ofta med vidjan, den l\u00e5g p\u00e5 murkransen till spisen. Som n\u00e4r jag ville f\u00f6lja till aff\u00e4ren och handla. Aff\u00e4ren l\u00e5g bara en bit bort. Jag fick inte f\u00f6lja med. Om jag br\u00e5kade kom vidjan fram. Gr\u00e5tande\u00a0stannade jag hemma, utan att f\u00f6rst\u00e5 varf\u00f6r. Ville ju bara f\u00f6lja med. Gick tillbaka och lekte med mina sm\u00e5\u00a0bilar. N\u00e4r jag var tio \u00e5r fick jag en lillebror -Tony. Och bara\u00a0n\u00e5got \u00e5r d\u00e4refter kom \u00e4nnu en bror-Leif. N\u00e4r Leif var ett \u00e5r blev han mycket sjuk. Pappa arbetade borta. En morgon n\u00e4r vi vaknade l\u00e5g Leif d\u00f6d i sin lilla s\u00e4ng. En fruktansv\u00e4rd upplevelse f\u00f6r mamma och oss syskon.\u00a0\u00a0\u00a0 F\u00f6r alltid inplanterad i mitt minne&#8230;.<\/p>\n<p>Julen firade vi alltid med sl\u00e4kten hos mormor i &#8221;\u00f6verbyn&#8221;. Vi \u00e5kte spark upp till henne. Det var f\u00f6r det mesta\u00a0 m\u00e5nsken och stj\u00e4rnklart. Jag satt p\u00e5 sparken och tittade upp mot himlen, det var m\u00f6rkt och tyst. Endast ljudet fr\u00e5n sparkens medar h\u00f6rdes. Det var ocks\u00e5 \u00e5rets l\u00e4ngsta dag i v\u00e4ntan p\u00e5 tomten. och julklapparna. Pappa var alltid tomte utkl\u00e4dd i f\u00e5rskinnsp\u00e4ls och stort sk\u00e4gg. Senare p\u00e5 kv\u00e4llen sprang jag och mina kusiner till kompisarna i g\u00e5rdarna intill och kastade paket. En rolig lek d\u00e4r det g\u00e4llde att f\u00e5nga kastaren. Jag var snabb och blev s\u00e4llan tagen.\u00a0\u00a0\u00a0\u00a0\u00c5ret 1948 b\u00f6rjade en ny epok f\u00f6r v\u00e5r familj. Fastigheten vi bodde p\u00e5 blev s\u00e5ld. Den nya \u00e4garen sa upp oss, vi fick flytta till mormor igen den v\u00e5ren. Men n\u00e5got nytt stort var p\u00e5 g\u00e5ng. Mina f\u00f6r\u00e4ldrar hade b\u00f6rjat fundera p\u00e5 att bygga ett eget hus. De hade redan k\u00f6pt en liten \u00e4gostyckning &#8221;v\u00e4st i byn&#8221; av Sixten Lundin. D\u00e4r skulle vi\u00a0 bygga v\u00e5rt egnahem, ett Vetlandahus. Jag \u00e4r nu 13 \u00e5r,har g\u00e5tt ut 6.e klass, gammal nog att kunna hj\u00e4lpa till vid husbygget. \u00c4r med d\u00e4r varje dag som hantlangare \u00e5t murare och snickare. N\u00e4r h\u00f6sten kommer \u00e4r det dags att g\u00e5 en termin i forts\u00e4ttningsskolan vid byskolan i R\u00e5. D\u00e4refter f\u00f6jer snickarkursen, har ocks\u00e5 hunnit med konfirmationsutbildningen i N\u00e4s\u00e5kers kyrka. Jag \u00e4r nu klar att s\u00f6ka mig ett arbete. Mitt f\u00f6rsta arbete blir vid Svenssons tegelbruk i S\u00f6derfors. Ett tungt arbete f\u00f6r en 14-\u00e5rs grabb. Jag k\u00e4rrade sand och tegelsten hela dagarna med blodsmak i munnen. P\u00e5 senh\u00f6sten stod v\u00e5rt nya hus f\u00e4rdigt f\u00f6r inflyttning. Ett modernt hus med fyra rum och k\u00f6k. Centralv\u00e4rme, elspis och kylsk\u00e5p i k\u00f6ket. K\u00e4llarv\u00e5ning med vedpanna,tv\u00e4ttstuga och matk\u00e4llare. Jag och min bror Singvall delar p\u00e5 ett rum p\u00e5 \u00f6verv\u00e5ningen. Mormor har f\u00e5tt flytta in i det andra rummet. Pappa och mamma\u00a0 och lillebror Tony har sitt sovrum p\u00e5 nedre v\u00e5ningen. Ingen sover i k\u00f6ket l\u00e4ngre. Vi har nu ocks\u00e5 ett fint vardagsrum med \u00f6ppenspis. Ett badrum med toalett, beh\u00f6ver inte g\u00e5 ut p\u00e5 dass . Pappa har nu f\u00e5tt fast\u00a0anst\u00e4llning vid v\u00e4gf\u00f6rvaltningen. Jag forts\u00e4tter att arbeta vid tegelbruket. K\u00f6r Gustaf Svenssons h\u00e4st emellan\u00e5t fr\u00e5n Holafors till S\u00f6derfors. F\u00f6r att komma dit med h\u00e4st, m\u00e5ste jag k\u00f6ra till N\u00e4s\u00e5ker\u00a0 \u00f6ver n\u00e4mnforsbron, sedan till \u00c5smon \u00f6ver \u00c5kvisslan och till S\u00f6derfors. P\u00e5 vintern k\u00f6r jag med samma h\u00e4st i timmerskogen., \u00e4ven det f\u00f6r Gustaf Svensson. Har nu f\u00e5tt r\u00e5d att k\u00f6pa mig en cykel p\u00e5 avbetalning hos &#8221;eftertr\u00e4darn&#8221; Lundins aff\u00e4r i N\u00e4s\u00e5ker. Av de 60 kr. jag f\u00e5r i veckol\u00f6n, l\u00e4mnar jag 50 kr hemma till mat och husrum, 10 kr. f\u00e5r jag beh\u00e5lla sj\u00e4lv. Cyklar tillsammans med kompisarna Alf ,Hans, och J\u00f6rgen till N\u00e4s\u00e5ker f\u00f6r att g\u00e5 p\u00e5 bio n\u00e5gon dans ibland, eller bara f\u00f6r att titta p\u00e5 flickor. Dr\u00f6mmer om att s\u00e5 sm\u00e5ningom f\u00e5 k\u00f6pa mig en motorcykel..<\/p>\n<p>Har f\u00e5tt nys om att en byggm\u00e4stare s\u00f6ker folk till uppbyggnad av pension\u00e4rshem i N\u00e4s\u00e5ker. Slutar p\u00e5 tegelbruket, F\u00e5r jobb som hantlangare p\u00e5 bygget. F\u00e5r skjuts dit av tv\u00e5andra grabbar fr\u00e5n byn, G\u00f6te och Birger som har bil och jobbar d\u00e4r. Har nu fyllt 16 \u00e5r och genom det nya jobbet f\u00e5tt r\u00e5d att k\u00f6pa mig en motorcykel. Jag k\u00f6per en Royal Einfield f\u00f6r 975 kr. p\u00e5 avbetalning. \u00c4ven den hos &#8221;Eftertr\u00e4darn&#8221; Lundin i N\u00e4s\u00e5ker. Tar MC-kort, s\u00e5 g\u00f6r \u00e4ven mina kompisar Alf och Hans. Nu intr\u00e4der en tid av frihet f\u00f6r oss tre. Vi f\u00e5r m\u00f6jlighet att \u00e5ka\u00a0runt om i byarna och samh\u00e4llen. Vi \u00e5ker MC sommar som vinter. Arbete finns det gott om nu. Vattenfall har b\u00f6rjat \u00e5ka runt h\u00e4r uppe och k\u00f6pa in mark och fallr\u00e4tter i Kilforsen och Lasele f\u00f6r att bygga ut forsarana till elkraft. N\u00e4r anst\u00e4llningen\u00a0 vid husbygget i N\u00e4s\u00e5ker \u00e4e avslutat, f\u00e5r jag jobb i Kilforsen\u00a0\u00a0som pinnpojke. D\u00e4r har uts\u00e4ttning av tunnelbygge, flottningsr\u00e4nnor mm. p\u00e5b\u00f6rjats. Nu \u00e4r det liv och r\u00f6relse p\u00e5 andra sidan \u00e4lven.N\u00e5gon bro \u00f6ver \u00e4lven har \u00e4nnu inte byggts. &#8221;Nea backen&#8221; som vi s\u00e4ger, bor en b\u00e5tbyggare\u00a0 Hinke Molin. Av honom har jag k\u00f6pt en b\u00e5t, den b\u00e5ten beh\u00f6ver jag f\u00f6r att ta mig \u00f6ver \u00e4lven. Vi \u00e4r tv\u00e5 i b\u00e5ten, plus tv\u00e5 motorcyklar. Grannen Torsten Fj\u00e4ll som f\u00e5tt jobb p\u00e5 kraftverksbygget har fr\u00e5gat mig om att f\u00e5 f\u00f6lja med i b\u00e5ten \u00f6ver. Det \u00e4r ett riskfyllt och riskabelt s\u00e4tt att ta sig p\u00e5 jobbet. Fast\u00e4n vi startar i selet d\u00e4r \u00e4lven verkar lugnast, drar str\u00f6mdraget fr\u00e5n forsen oss n\u00e4rmare och n\u00e4rmare forsnacken och stupet. Det g\u00e4ller att ro allt vad kroppen orkar och tyglarna h\u00e5ller f\u00f6r att inte hamna d\u00e4r. En provisorisk h\u00e4ngbro har f\u00e4rdigst\u00e4llts f\u00f6r g\u00e5ende. Man kan ocks\u00e5 leda en cykel \u00f6ver, men jag forts\u00e4tter min riskfyllda \u00f6verfart i v\u00e4ntan p\u00e5 den permanenta bro som h\u00e5ller p\u00e5 att byggas. Efter &#8221;pinnpojksjobbet&#8221; f\u00e5r jag arbete som diversearbetare vid kraftverksbygget i Kilforsen.<\/p>\n<p>Min bror Singvall har gift sig med sin Viola och flyttat hemifr\u00e5n till ett hus dom k\u00f6pt\u00a0 l\u00e4ngre bort i byn. Han arbetar ocks\u00e5 i Kilforsen. Nu delar jag rum med mammas kusin Albin,som kommit hem fr\u00e5n H\u00e4gglunds i \u00d6-vik. Han har ocks\u00e5 s\u00f6kt plats p\u00e5 samma bygge, d\u00e4r \u00e4ven nu pappa\u00a0 ocks\u00e5 arbetar. Min mormors syster Lisa flyttar in hos oss efter en l\u00e5ng tj\u00e4nst som kokerska p\u00e5 ett hotell i \u00d6-vik. Min mormor sk\u00f6ter henne eftersom hon \u00e4r rullstolsburen. Vi \u00e4r nu sju personer i hush\u00e5llet. Min mamma har det arbetsamt att h\u00e5lla mat och st\u00e4d, samt tv\u00e4tt till alla. Maten skulle r\u00e4cka till mats\u00e4ck f\u00f6r tre arbetare, mycke mat f\u00e5r hon b\u00e4ra hem fr\u00e5n aff\u00e4ren. Vintertid g\u00e4ller det ocks\u00e5 att h\u00e5lla v\u00e4rmen och inte gl\u00f6mma l\u00e4gga p\u00e5 ved i pannan. Sn\u00f6skottning blir det \u00e4ven ibland n\u00e4r vi karlar inte \u00e4r hemma. Hon har det slitigt min mamma. Nu ska \u00e4ven pappa och mamma \u00f6ppna en kiosk p\u00e5 g\u00e5rden. Vilket \u00e4ven blir hennes arbete att sk\u00f6ta, n\u00e4r pappa \u00e4r p\u00e5 arbetet. Kunder finns det gott om n\u00e4r nu \u00e4ven Kilforsbygget kommit i g\u00e5ng. Samtidigt som arbetet vid Kilforsen forts\u00e4tter, planeras utbyggnad av Holaforsen. Bron \u00f6ver \u00e4lven \u00e4r f\u00e4rdigbyggd. Kraftverkssdamm och kraftverksbyggnader h\u00e5ller p\u00e5 ta form i Lasele. Jag f\u00e5r nu f\u00f6rflyttning dit, arbetar som diversearbetare vid olika jobb, som traktork\u00f6rning, sm\u00f6rjare p\u00e5 gr\u00e4vmaskineroch liknande. Har som jag tidigare ber\u00e4ttat, att jag med motorcykeln vidgat mina vyer. \u00c5ker med Hans och Alf ut till olika danser och festligheter. f\u00f6r att kolla p\u00e5 flickor. Midsommarfestligheterna i N\u00e4s\u00e5ker \u00e4r en stor helg d\u00e4r ungdommar fr\u00e5n flera l\u00e4n samlas, med m\u00e5nga snyggingar. P\u00e5 h\u00f6sten b\u00f6rjar bjudningsdanserna. D\u00e5 \u00e4r det logdanserna som drar. P\u00e5 en logdans i Mj\u00f6sj\u00f6 by hittar jag den flicka jag letat efter. Hon heter Annagreta och kommer fr\u00e5n Bysj\u00f6n. Hon eller ingen.\u00a0\u00a0\u00a0\u00a0\u00a0\u00a0\u00a0\u00a0\u00a0\u00a0\u00a0\u00a0\u00a0\u00a0\u00a0\u00a0 Hoppas hon besvarar mitt frieri&#8230;.<\/p>\n<p>&#8230;&#8230;&#8230;&#8230;&#8230;&#8230;&#8230;&#8230;&#8230;&#8230;&#8230;&#8230;&#8230;&#8230;&#8230;&#8230;&#8230;&#8230;&#8230;&#8230;&#8230;&#8230;&#8230;&#8230;&#8230;&#8230;&#8230;&#8230;&#8230;&#8230;&#8230;&#8230;&#8230;&#8230;.<\/p>\n<p>Kjells barndomsminnen.<\/p>\n<p>SKOLAN<\/p>\n<p>Alla mina sex skol\u00e5r har jag g\u00e5tt p\u00e5 skolan hemma i Holafors. N\u00e4r jag \u00e5r 1941 b\u00f6rjade skolan, fanns det tv\u00e5 skolsalar i skolbyggnaden\u00a0och tv\u00e5 l\u00e4rarinnor som undervisade oss.\u00a0\u00a0 I skolsalen p\u00e5 nedre v\u00e5ningen gick sm\u00e5skolan,\u00a0klass ett och tv\u00e5. L\u00e4rarinnan som undervisade i min skolsal hette Berta Sundvall.\u00a0 Hon var gift med en sl\u00e4kting till min mamma. Bodde granne med skolan. Vi sa inte fr\u00f6ken, utan tant Berta. Jag fyllde \u00e5r p\u00e5 hennes namnsdag den 8 feb. I skolsalen p\u00e5 \u00f6vre v\u00e5ningen gick barnen\u00a0i storskolan, tredje till och med\u00a0sj\u00e4tte klass. Deras l\u00e4rarinna hette\u00a0 Ellen Svensson. Hon bodde tillsammans med sin mamma i skolans l\u00e4rarbostad, som senare ocks\u00e5 blev barnbespisning.De f\u00f6rsta \u00e5ren hade jag mats\u00e4ck med mig. Mina klasskamrater i Sm\u00e5skolan var: Alf, Hans J\u00f6rgen, Harry, Vivvianne. Irma, Yvonne,\u00a0 m.fl. jag tyckte inte om att g\u00e5 i skolan.Var d\u00e5lig i r\u00e4kning, men Alf var duktig. Tant Berta hade en m\u00e4rklig undervisnings metod. Om vi inte kunde, vred hon om \u00f6rat p\u00e5 oss.Det gjorde ont, av r\u00e4dsla f\u00f6r det, s\u00e5 l\u00e4ste vi l\u00e4xan tills vi kunde. Fast alla g\u00e5nger gick det inte s\u00e5 bra.D\u00e5 blev det \u00f6rat. Jag var duktig att l\u00e4sa och skriva. Teckna och sjunga var ocks\u00e5 roligt.Fast s\u00e5ngen tog ett hastigt slut.Tant Berta tyckte att jag sj\u00f6ng bra och l\u00e4t mig sjunga solo en g\u00e5ng. Hela klassen skrattade \u00e5t mig, Tant Berta blev\u00a0arg sk\u00e4llde ut dom. Jag sj\u00f6ng aldrig mer under mina sex \u00e5r i skolan. N\u00e5n gymnastik som var n\u00e5t att tala om minns jag inte. Det var mest bollekar.<\/p>\n<p>Efter tv\u00e5 \u00e5r fick\u00a0 jag flytta upp till Storskolans klassrum, d\u00e4r gick tredje, fj\u00e4rde, femte och sj\u00e4tte klass tillsammans. Fr\u00f6ken hette Ellen Svensson.Vi l\u00e4ste d\u00e5 historia ,geografi, kristendom. Fick l\u00e4ra oss psalmverser utantill. Tv\u00e5 r\u00e4knes\u00e4tt till, g\u00e5nger och delat,\u00a0f\u00f6rutom plus och minus fick vi l\u00e4ra oss. Det blev ocks\u00e5 det \u00e5ret en barnbespisning i\u00a0 Ellen Svenssons vardagsrum. Den mat jag tyckte mest om var Pannkaka, makaroner och korv, fiskbullar. Vad jag inte tyckte s\u00e5 mycket om var v\u00e4lling, gr\u00f6t och morotstuvning. Mina tv\u00e5 sista skol\u00e5r femman och sexan\u00a0gick jag \u00e5terigen f\u00f6r tant Berta. Barnantalet hade minskat och alla klasser gick i samma skolsal. Toalettbes\u00f6k gjordes p\u00e5 utedasset.<\/p>\n<p>Rasterna anv\u00e4nde vi till att sparka fotboll, handboll,\u00a0leka sistoch dunk. P\u00e5 vintern \u00e5kte vi skidor i backen nedanf\u00f6r skolan. Vi t\u00e4vlade ocks\u00e5, p\u00e5 sommaren kast. l\u00f6pning.l\u00e4ngdhopp.etc. p\u00e5 vintern skidt\u00e4vlingar.<\/p>\n<p>I dec. m\u00e5nad tr\u00e4nade vi inf\u00f6r julfesten, d\u00e4r f\u00f6r\u00e4ldrarna fick komma och titta. Vi sj\u00f6ng juls\u00e5nger, ja inte jag d\u00e5, spelade pj\u00e4ser. Minns att jag spelade tandl\u00e4kare en g\u00e5ng, jag skulle dra ut en tand p\u00e5 Hans.F\u00f6r\u00e4ldrarna fick ocks\u00e5 komma och lyssna\u00a0till \u00a0oss p\u00e5 examensdagen.Jag fick ofta l\u00e4sa h\u00f6gt f\u00f6r tant Berta tyckte jag betonade s\u00e5 bra.<\/p>\n<p>Innan examen gjordes det alltid en utflykt. Tant Bertas man Johannes selade h\u00e4sten, sp\u00e4nde\u00a0f\u00f6r en vagn och vi fick \u00e5ka till deras sportstuga Solgl\u00e4ntan, nere vid \u00e4lven.\u00a0D\u00e4r fick vi chocklad och bullar. Vi lekte ringlekar och andra lekar innan det var dags att \u00e5terv\u00e4nda.Efter sj\u00e4tte klass, gick jag en termin forts\u00e4ttninsskola p\u00e5 R\u00e5 byskola\u00a0och en termin snickarkurs i V\u00e4stanb\u00e4ck. Jag cyklade fram och \u00e5ter varje dag. Efter det var min skolg\u00e5ng slut. \u00c5terstod konfirmationen,sedan var jag 14 \u00e5r och vuxen nog f\u00f6r att b\u00f6rja arbeta&#8230;<\/p>\n<p>\u00a0\u00a0\u00a0\u00a0\u00a0\u00a0\u00a0\u00a0\u00a0\u00a0\u00a0\u00a0\u00a0\u00a0\u00a0\u00a0\u00a0\u00a0\u00a0\u00a0\u00a0\u00a0\u00a0\u00a0\u00a0\u00a0\u00a0\u00a0\u00a0\u00a0\u00a0\u00a0\u00a0\u00a0\u00a0\u00a0\u00a0\u00a0\u00a0\u00a0\u00a0\u00a0Arbeten.<\/p>\n<p>Tidigt fick jag l\u00e4ra mig att hj\u00e4lpa till hemma. G\u00e5 \u00e4renden ,bla. att h\u00e4mta mj\u00f6ken hos Nicke Sundvalls varje kv\u00e4ll. En jul fick jag av tant Vendla i julklapp min f\u00f6rsta riktiga bil av pl\u00e5t. Det var en liten lastbil som jag lekte med varje dag.\u00a0 Mitt f\u00f6rsta betalda arbete var att plocka koskit fr\u00e5n August Erikssons h\u00f6l\u00e4gdor. Jag var \u00e5tta \u00e5r fick 10 \u00f6re f\u00f6r varje koskit jag plockade upp. Anv\u00e4nde mig av en grep och en skottk\u00e4ra\u00a0\u00a0\u00a0\u00a0\u00a0\u00a0\u00a0\u00a0\u00a0\u00a0\u00a0\u00a0\u00a0\u00a0\u00a0\u00a0\u00a0\u00a0\u00a0\u00a0\u00a0\u00a0\u00a0\u00a0\u00a0\u00a0\u00a0\u00a0\u00a0\u00a0\u00a0\u00a0\u00a0\u00a0\u00a0\u00a0\u00a0\u00a0\u00a0\u00a0\u00a0\u00a0\u00a0\u00a0\u00a0\u00a0\u00a0\u00a0\u00a0\u00a0\u00a0\u00a0\u00a0\u00a0\u00a0\u00a0\u00a0\u00a0\u00a0\u00a0\u00a0\u00a0\u00a0\u00a0\u00a0\u00a0\u00a0\u00a0\u00a0\u00a0\u00a0\u00a0\u00a0\u00a0\u00a0\u00a0\u00a0 S\u00e5lde \u00e4ven jultidningar\u00a0.Minns att\u00a0n\u00e4r jag skulle l\u00f6sa ut dem, hade vi inte pengar. Fick l\u00e5na av Bertil Lundin. N\u00e4r jag var 12 \u00e5r h\u00f6gg jag stickningsbuskar \u00e5t min morbror Artur. Fick 25 \u00f6re st.<\/p>\n<p>\u00a0Den vinter jag fyllde 14 \u00e5r\u00a0 k\u00f6rde jag och min kompis Alf kastved. Vi var anst\u00e4llda av Gustaf Svensson. B\u00e5da var vi sm\u00e5v\u00e4xta, h\u00e4starna var stora nordsvenskar. Men det var inte tal om att vi inte klarade av det. Vi l\u00e4rde oss och det gick bra, ingen av oss blev ut f\u00f6r n\u00e5gon olycka. Innan dess bar och staplade Alf och jag br\u00e4der vid s\u00e5gverket. Vi s\u00e5gade ocks\u00e5 bakaved\u00a0 med b\u00e5gs\u00e5g och staplade i en metersl\u00e4ngder.\u00a0 Sedan blev vi anst\u00e4llda av Gustaf Svensson.Jag arbetade vid\u00a0 tegelbruket till dess jag b\u00f6rjade p\u00e5 Vattenfall.<\/p>\n<p>Forts. f\u00f6ljer&#8230;<\/p>\n<\/div>\n","protected":false},"excerpt":{"rendered":"<p>H\u00e4r kommer Kjell att ber\u00e4tta om sina minnen fr\u00e5n skolan, lekar, n\u00f6jen, f\u00f6rsta jobben mm. Kjell 8 m\u00e5n i pappa Hildings kn\u00e4 \u00a0 Kjell tillsammans med sina sm\u00e5br\u00f6der Tony och Leif och kusin Gudrun \u00a0 Kjell 2 \u00e5r. Bakom syns &hellip; <a href=\"https:\/\/holafors.vildavastra.se\/?page_id=71\">Forts\u00e4tt l\u00e4sa <span class=\"meta-nav\">&rarr;<\/span><\/a><\/p>\n","protected":false},"author":2,"featured_media":0,"parent":0,"menu_order":4,"comment_status":"closed","ping_status":"open","template":"onecolumn-page.php","meta":{"footnotes":""},"class_list":["post-71","page","type-page","status-publish","hentry"],"_links":{"self":[{"href":"https:\/\/holafors.vildavastra.se\/index.php?rest_route=\/wp\/v2\/pages\/71","targetHints":{"allow":["GET"]}}],"collection":[{"href":"https:\/\/holafors.vildavastra.se\/index.php?rest_route=\/wp\/v2\/pages"}],"about":[{"href":"https:\/\/holafors.vildavastra.se\/index.php?rest_route=\/wp\/v2\/types\/page"}],"author":[{"embeddable":true,"href":"https:\/\/holafors.vildavastra.se\/index.php?rest_route=\/wp\/v2\/users\/2"}],"replies":[{"embeddable":true,"href":"https:\/\/holafors.vildavastra.se\/index.php?rest_route=%2Fwp%2Fv2%2Fcomments&post=71"}],"version-history":[{"count":48,"href":"https:\/\/holafors.vildavastra.se\/index.php?rest_route=\/wp\/v2\/pages\/71\/revisions"}],"predecessor-version":[{"id":797,"href":"https:\/\/holafors.vildavastra.se\/index.php?rest_route=\/wp\/v2\/pages\/71\/revisions\/797"}],"wp:attachment":[{"href":"https:\/\/holafors.vildavastra.se\/index.php?rest_route=%2Fwp%2Fv2%2Fmedia&parent=71"}],"curies":[{"name":"wp","href":"https:\/\/api.w.org\/{rel}","templated":true}]}}