{"id":5,"date":"2010-09-15T20:21:16","date_gmt":"2010-09-15T18:21:16","guid":{"rendered":"http:\/\/holafors.vildavastra.se\/?page_id=5"},"modified":"2010-11-08T17:55:20","modified_gmt":"2010-11-08T16:55:20","slug":"historik","status":"publish","type":"page","link":"https:\/\/holafors.vildavastra.se\/?page_id=5","title":{"rendered":"Historik"},"content":{"rendered":"<p>Vilka var dom d\u00e5, alla dessa 47 st. familjer som berikade Holafors, n\u00e4r jag \u00e5r 1955 som 18-\u00e5rig gravid och nygift bosatte mig h\u00e4r? Det \u00e4r minnet av dessa jag ska f\u00f6rs\u00f6ka delge er. Inte s\u00e5 mycket statistik, utan mer en personlig pr\u00e4gel hos var och en som jag fick l\u00e4ra k\u00e4nna.<\/p>\n<div id=\"attachment_286\" style=\"width: 310px\" class=\"wp-caption alignnone\"><a href=\"http:\/\/holafors.vildavastra.se\/wp-content\/uploads\/2010\/10\/Holafors_2.jpg\"><img loading=\"lazy\" decoding=\"async\" aria-describedby=\"caption-attachment-286\" class=\"size-medium wp-image-286\" title=\"Kjell och jag 1957\" src=\"http:\/\/holafors.vildavastra.se\/wp-content\/uploads\/2010\/10\/Holafors_2-300x205.jpg\" alt=\"Kjell och jag 1957\" width=\"300\" height=\"205\" srcset=\"https:\/\/holafors.vildavastra.se\/wp-content\/uploads\/2010\/10\/Holafors_2-300x205.jpg 300w, https:\/\/holafors.vildavastra.se\/wp-content\/uploads\/2010\/10\/Holafors_2.jpg 1024w\" sizes=\"auto, (max-width: 300px) 100vw, 300px\" \/><\/a><p id=\"caption-attachment-286\" class=\"wp-caption-text\">Kjell och jag 1957<\/p><\/div>\n<p>Jag fick ganska snart f\u00f6rm\u00e5nen att f\u00e5 arbeta p\u00e5 byns telefonv\u00e4xel, Bertil Lundins handelsbod, postkontoret i byn och i Kjells f\u00f6r\u00e4ldrars kiosk. Till vilken nytta g\u00f6r jag det h\u00e4r, kanske ni fr\u00e5gar er. N\u00e4r en hel by som varit s\u00e5 levande f\u00f6rsvinner med traditioner, m\u00e4nniskor, kan det kanske vara av v\u00e4rde f\u00f6r n\u00e5gon att f\u00e5 se tillbaka och minnas de som en g\u00e5ng bodde h\u00e4r. Jag skall med respekt och v\u00e4rme v\u00e5rda det minnet. Vilka \u00e4r d\u00e5 dom nya som idag \u00e5r 2010 har bosatt sig h\u00e4r, p\u00e5 g\u00e5rdarna fr\u00e5n f\u00f6rr. V\u00e5r by, \u00e4r idag en by som f\u00f6ljt utvecklingen och bebos nu av b\u00e5de nationell och en internationell blandning av bybor. Det ger ett hopp om att v\u00e5r by kommer att leva vidare.<\/p>\n<p>Holafors \u00e4r en stor by ytligt sett. Den \u00e4r ocks\u00e5 en gammal by. \u00c5r 1765 fick enligt jordeboken tv\u00e5 nybyggare tillst\u00e5nd av Konungens befallningshavare att sl\u00e5 sig ner h\u00e4r. \u00c5r 1849 beboddes byn av tre bondefamiljer. \u00c5r 1860 \u00e4gostyckades hemmanen. Familjerna Sundvall och Lundins hemman blev d\u00e5 de st\u00f6rsta i byn. Av de hemman och fastigheter som idag finns i byn, \u00e4r de flesta \u00e4gostyckade fr\u00e5n Sundvalls stamhemman.<\/p>\n<p>\u00c5r 1955 fanns h\u00e4r 124 personer, alla d\u00e5 inneboende tillf\u00e4lliga anl\u00e4ggningsarbetare inte inr\u00e4knade.<\/p>\n<div id=\"attachment_288\" style=\"width: 310px\" class=\"wp-caption alignnone\"><a href=\"http:\/\/holafors.vildavastra.se\/wp-content\/uploads\/2010\/10\/Holafors_11.jpg\"><img loading=\"lazy\" decoding=\"async\" aria-describedby=\"caption-attachment-288\" class=\"size-medium wp-image-288\" title=\"V\u00e5rt hus 1957\" src=\"http:\/\/holafors.vildavastra.se\/wp-content\/uploads\/2010\/10\/Holafors_11-300x176.jpg\" alt=\"V\u00e5rt hus 1957\" width=\"300\" height=\"176\" srcset=\"https:\/\/holafors.vildavastra.se\/wp-content\/uploads\/2010\/10\/Holafors_11-300x176.jpg 300w, https:\/\/holafors.vildavastra.se\/wp-content\/uploads\/2010\/10\/Holafors_11.jpg 1024w\" sizes=\"auto, (max-width: 300px) 100vw, 300px\" \/><\/a><p id=\"caption-attachment-288\" class=\"wp-caption-text\">V\u00e5rt hus 1957<\/p><\/div>\n<p>Alla dessa personer kan jag om\u00f6jligt skriva om, men n\u00e5got om vad jag kanske minns fr\u00e5n varje familj. Att ge er 47 fam. \u00e4r sv\u00e5rt, n\u00e5gra \u00e4r mer framtr\u00e4dande, andra mer annonyma. Alla har de ett gemensamt. De var sj\u00e4lvf\u00f6rs\u00f6rjande p\u00e5 sitt jordbruk. Levde p\u00e5 vad g\u00e5rden gav. Ber\u00e4ttelsen b\u00f6rjar fr\u00e5n \u00e5r 1955. Slutar 2010. Allt \u00e4r f\u00f6r\u00e4nderligt, d\u00e4r de gamla g\u00e5tt vidare, har unga tagit vid.<\/p>\n<p>Har delat in byn i fem delar, s\u00e5 som jag fick l\u00e4ra mig n\u00e4r jag kom hit. \u00d6verbyn, V\u00e4stbyn, Ystbyn, Neabacken och Kringeln. <a href=\"http:\/\/holafors.vildavastra.se\/?page_id=161\" target=\"_self\"><em>B\u00f6rjar med \u00d6verbyn&#8230;.<\/em><\/a><\/p>\n","protected":false},"excerpt":{"rendered":"<p>Vilka var dom d\u00e5, alla dessa 47 st. familjer som berikade Holafors, n\u00e4r jag \u00e5r 1955 som 18-\u00e5rig gravid och nygift bosatte mig h\u00e4r? Det \u00e4r minnet av dessa jag ska f\u00f6rs\u00f6ka delge er. Inte s\u00e5 mycket statistik, utan mer &hellip; <a href=\"https:\/\/holafors.vildavastra.se\/?page_id=5\">Forts\u00e4tt l\u00e4sa <span class=\"meta-nav\">&rarr;<\/span><\/a><\/p>\n","protected":false},"author":1,"featured_media":0,"parent":0,"menu_order":3,"comment_status":"closed","ping_status":"closed","template":"onecolumn-page.php","meta":{"footnotes":""},"class_list":["post-5","page","type-page","status-publish","hentry"],"_links":{"self":[{"href":"https:\/\/holafors.vildavastra.se\/index.php?rest_route=\/wp\/v2\/pages\/5","targetHints":{"allow":["GET"]}}],"collection":[{"href":"https:\/\/holafors.vildavastra.se\/index.php?rest_route=\/wp\/v2\/pages"}],"about":[{"href":"https:\/\/holafors.vildavastra.se\/index.php?rest_route=\/wp\/v2\/types\/page"}],"author":[{"embeddable":true,"href":"https:\/\/holafors.vildavastra.se\/index.php?rest_route=\/wp\/v2\/users\/1"}],"replies":[{"embeddable":true,"href":"https:\/\/holafors.vildavastra.se\/index.php?rest_route=%2Fwp%2Fv2%2Fcomments&post=5"}],"version-history":[{"count":5,"href":"https:\/\/holafors.vildavastra.se\/index.php?rest_route=\/wp\/v2\/pages\/5\/revisions"}],"predecessor-version":[{"id":372,"href":"https:\/\/holafors.vildavastra.se\/index.php?rest_route=\/wp\/v2\/pages\/5\/revisions\/372"}],"wp:attachment":[{"href":"https:\/\/holafors.vildavastra.se\/index.php?rest_route=%2Fwp%2Fv2%2Fmedia&parent=5"}],"curies":[{"name":"wp","href":"https:\/\/api.w.org\/{rel}","templated":true}]}}