{"id":44,"date":"2010-09-17T20:49:32","date_gmt":"2010-09-17T18:49:32","guid":{"rendered":"http:\/\/holafors.vildavastra.se\/?page_id=44"},"modified":"2016-12-18T18:23:55","modified_gmt":"2016-12-18T17:23:55","slug":"foton","status":"publish","type":"page","link":"https:\/\/holafors.vildavastra.se\/?page_id=44","title":{"rendered":"Bildarkivet"},"content":{"rendered":"<p><strong>[wppa][\/wppa]<\/strong><\/p>\n<p>Fr\u00e5n v\u00e4nster: Skolbarn i Holafos st\u00e4dar skolg\u00e5rden<\/p>\n<p>N\u00e4sta bild Kjell H\u00e4ggkvist. Singvall Sundvall\u00a0 I bakgrunden Lundins varumagasin,.<\/p>\n<p>Undre bilden v\u00e4nster: Ingrid Fj\u00e4ll Elsbeth Sundvall Singvall Sundvall Norna\u00a0Nyberg\u00a0 Hildur Nyberg.Vivianne och Borit Sundvall sittande.<\/p>\n<p>Till h\u00f6ger.Sittande p\u00e5 Bror Sundvalls g\u00e5rd: Britt Sundvall Marie Lundin Viola Grundstr\u00f6m. Sittande bakom:Edur Molen<\/p>\n<p>Poststationen och Lundins aff\u00e4r i bakgrunden<\/p>\n<p><a href=\"http:\/\/holafors.vildavastra.se\/?attachment_id=872\" rel=\"attachment wp-att-872\"><span style=\"color: #0066cc;\">\u00a0<\/span><img loading=\"lazy\" decoding=\"async\" class=\"aligncenter size-thumbnail wp-image-872\" title=\"holaforsbor\" src=\"http:\/\/holafors.vildavastra.se\/wp-content\/uploads\/2010\/09\/holaforsbor1-150x101.jpg\" alt=\"\" width=\"150\" height=\"101\" srcset=\"https:\/\/holafors.vildavastra.se\/wp-content\/uploads\/2010\/09\/holaforsbor1-150x101.jpg 150w, https:\/\/holafors.vildavastra.se\/wp-content\/uploads\/2010\/09\/holaforsbor1-400x270.jpg 400w\" sizes=\"auto, (max-width: 150px) 100vw, 150px\" \/><\/a><\/p>\n<p>Nedersta bilden: AK arbetare p\u00e5 30-talet. Hilding H\u00e4ggkvist\u00a0 trea fr\u00e5n v\u00e4nster. \u00d6vriga ok\u00e4nda<\/p>\n<p>\u00d6versta bilden: Fr\u00e5n v\u00e4nster: Sundvalls -Skolan &#8211; M\u00e4lhers<\/p>\n<p><a href=\"http:\/\/holafors.vildavastra.se\/?attachment_id=866\" rel=\"attachment wp-att-866\"><img loading=\"lazy\" decoding=\"async\" class=\"aligncenter size-thumbnail wp-image-866\" title=\"IMGholafors\" src=\"http:\/\/holafors.vildavastra.se\/wp-content\/uploads\/2010\/09\/IMGholafors-150x190.jpg\" alt=\"\" width=\"150\" height=\"190\" srcset=\"https:\/\/holafors.vildavastra.se\/wp-content\/uploads\/2010\/09\/IMGholafors-150x190.jpg 150w, https:\/\/holafors.vildavastra.se\/wp-content\/uploads\/2010\/09\/IMGholafors-314x400.jpg 314w, https:\/\/holafors.vildavastra.se\/wp-content\/uploads\/2010\/09\/IMGholafors.jpg 1696w\" sizes=\"auto, (max-width: 150px) 100vw, 150px\" \/><\/a><\/p>\n<p>Bild 1 v\u00e4nster.H\u00e4ggkvists g\u00e5rd 1949.<\/p>\n<p>bild 2.Annagreta och Kjell utanf\u00f6r H\u00e4ggkvists kiosk<\/p>\n<p>Nedre bild 1 Geine, Gunilla Eriksson. Tony H\u00e4ggkvist<\/p>\n<p>bild 2 Lundins aff\u00e4r Holafors<\/p>\n<p><a href=\"http:\/\/holafors.vildavastra.se\/?attachment_id=853\" rel=\"attachment wp-att-853\"><img loading=\"lazy\" decoding=\"async\" class=\"aligncenter size-thumbnail wp-image-853\" title=\"IMG\" src=\"http:\/\/holafors.vildavastra.se\/wp-content\/uploads\/2010\/09\/IMG4-150x132.jpg\" alt=\"\" width=\"150\" height=\"132\" srcset=\"https:\/\/holafors.vildavastra.se\/wp-content\/uploads\/2010\/09\/IMG4-150x132.jpg 150w, https:\/\/holafors.vildavastra.se\/wp-content\/uploads\/2010\/09\/IMG4-400x352.jpg 400w\" sizes=\"auto, (max-width: 150px) 100vw, 150px\" \/><\/a><\/p>\n<p>Se \u00e4ven ett nytt skolkort i Bildspelet.<\/p>\n<p>\u00d6verst fr\u00e5n v\u00e4nster : Verner Ingelsson, ok\u00e4nd. Ansgar Sundvall Nedre.<\/p>\n<p>Anna Svensson. Liberia Eriksson<\/p>\n<p><a href=\"http:\/\/holafors.vildavastra.se\/?attachment_id=829\" rel=\"attachment wp-att-829\"><img loading=\"lazy\" decoding=\"async\" class=\"aligncenter size-thumbnail wp-image-829\" title=\"IMG_0001 gubbar\" src=\"http:\/\/holafors.vildavastra.se\/wp-content\/uploads\/2010\/09\/IMG_0001-gubbar-150x236.jpg\" alt=\"\" width=\"150\" height=\"236\" srcset=\"https:\/\/holafors.vildavastra.se\/wp-content\/uploads\/2010\/09\/IMG_0001-gubbar-150x236.jpg 150w, https:\/\/holafors.vildavastra.se\/wp-content\/uploads\/2010\/09\/IMG_0001-gubbar-254x400.jpg 254w, https:\/\/holafors.vildavastra.se\/wp-content\/uploads\/2010\/09\/IMG_0001-gubbar.jpg 1576w\" sizes=\"auto, (max-width: 150px) 100vw, 150px\" \/><\/a><\/p>\n<p>&nbsp;<\/p>\n<p>\u00d6verst fr\u00e5n v\u00e4nster Nicke Eriksson, Albin Eriksson nedre fr\u00e5n v\u00e4nster Ok\u00e4nd ,Erik A. Nyberg.<\/p>\n<p><img loading=\"lazy\" decoding=\"async\" class=\"aligncenter size-thumbnail wp-image-826\" title=\"IMGgubbar\" src=\"http:\/\/holafors.vildavastra.se\/wp-content\/uploads\/2010\/09\/IMGgubbar-150x239.jpg\" alt=\"\" width=\"150\" height=\"239\" srcset=\"https:\/\/holafors.vildavastra.se\/wp-content\/uploads\/2010\/09\/IMGgubbar-150x239.jpg 150w, https:\/\/holafors.vildavastra.se\/wp-content\/uploads\/2010\/09\/IMGgubbar-250x400.jpg 250w, https:\/\/holafors.vildavastra.se\/wp-content\/uploads\/2010\/09\/IMGgubbar.jpg 1544w\" sizes=\"auto, (max-width: 150px) 100vw, 150px\" \/><\/p>\n<p>\u00d6verst v\u00e4ster:August och Stina Molen. Olle Eriksson<\/p>\n<p>Nedre. Albert Fj\u00e4ll. Fam E.P.Sundvall<\/p>\n<p><img loading=\"lazy\" decoding=\"async\" class=\"aligncenter size-thumbnail wp-image-820\" title=\"IMG_0001 bilder\" src=\"http:\/\/holafors.vildavastra.se\/wp-content\/uploads\/2010\/09\/IMG_0001-bilder-150x248.jpg\" alt=\"\" width=\"150\" height=\"248\" srcset=\"https:\/\/holafors.vildavastra.se\/wp-content\/uploads\/2010\/09\/IMG_0001-bilder-150x248.jpg 150w, https:\/\/holafors.vildavastra.se\/wp-content\/uploads\/2010\/09\/IMG_0001-bilder-241x400.jpg 241w, https:\/\/holafors.vildavastra.se\/wp-content\/uploads\/2010\/09\/IMG_0001-bilder.jpg 1532w\" sizes=\"auto, (max-width: 150px) 100vw, 150px\" \/><\/p>\n","protected":false},"excerpt":{"rendered":"<p>[wppa][\/wppa] Fr\u00e5n v\u00e4nster: Skolbarn i Holafos st\u00e4dar skolg\u00e5rden N\u00e4sta bild Kjell H\u00e4ggkvist. Singvall Sundvall\u00a0 I bakgrunden Lundins varumagasin,. Undre bilden v\u00e4nster: Ingrid Fj\u00e4ll Elsbeth Sundvall Singvall Sundvall Norna\u00a0Nyberg\u00a0 Hildur Nyberg.Vivianne och Borit Sundvall sittande. Till h\u00f6ger.Sittande p\u00e5 Bror Sundvalls g\u00e5rd: &hellip; <a href=\"https:\/\/holafors.vildavastra.se\/?page_id=44\">Forts\u00e4tt l\u00e4sa <span class=\"meta-nav\">&rarr;<\/span><\/a><\/p>\n","protected":false},"author":1,"featured_media":0,"parent":0,"menu_order":5,"comment_status":"closed","ping_status":"open","template":"onecolumn-page.php","meta":{"footnotes":""},"class_list":["post-44","page","type-page","status-publish","hentry"],"_links":{"self":[{"href":"https:\/\/holafors.vildavastra.se\/index.php?rest_route=\/wp\/v2\/pages\/44","targetHints":{"allow":["GET"]}}],"collection":[{"href":"https:\/\/holafors.vildavastra.se\/index.php?rest_route=\/wp\/v2\/pages"}],"about":[{"href":"https:\/\/holafors.vildavastra.se\/index.php?rest_route=\/wp\/v2\/types\/page"}],"author":[{"embeddable":true,"href":"https:\/\/holafors.vildavastra.se\/index.php?rest_route=\/wp\/v2\/users\/1"}],"replies":[{"embeddable":true,"href":"https:\/\/holafors.vildavastra.se\/index.php?rest_route=%2Fwp%2Fv2%2Fcomments&post=44"}],"version-history":[{"count":207,"href":"https:\/\/holafors.vildavastra.se\/index.php?rest_route=\/wp\/v2\/pages\/44\/revisions"}],"predecessor-version":[{"id":907,"href":"https:\/\/holafors.vildavastra.se\/index.php?rest_route=\/wp\/v2\/pages\/44\/revisions\/907"}],"wp:attachment":[{"href":"https:\/\/holafors.vildavastra.se\/index.php?rest_route=%2Fwp%2Fv2%2Fmedia&parent=44"}],"curies":[{"name":"wp","href":"https:\/\/api.w.org\/{rel}","templated":true}]}}