{"id":418,"date":"2010-11-20T18:31:08","date_gmt":"2010-11-20T17:31:08","guid":{"rendered":"http:\/\/holafors.vildavastra.se\/?page_id=418"},"modified":"2010-11-21T18:52:53","modified_gmt":"2010-11-21T17:52:53","slug":"ridskolan","status":"publish","type":"page","link":"https:\/\/holafors.vildavastra.se\/?page_id=418","title":{"rendered":"Ridskolan"},"content":{"rendered":"<p>\u00a0EN BEGAGNAD H\u00c4ST<\/p>\n<p>Det var s\u00e5 det b\u00f6rjade\u00a0\u00e5r 1976.\u00a0 Familjen Ingelsson flyttade hem till Holafors. Med sig hade dom ton\u00e5rsdottern Karin. Vad vi sedan f\u00f6rstod en h\u00e4sttokig tjej. Fam. var \u00f6ppen och glad, tog g\u00e4rna emot v\u00e5ra sm\u00e5tjejer Madeleine och Jessica. En dag fick vi veta. Karin har f\u00e5tt en H\u00e4st !\u00a0 En ridh\u00e4st som heter Omikron. Ni m\u00e5ste komma och titta. Om dom inte tillbringade den \u00a0sommaren hos Karin och Omikron, s\u00e5 var det deras cyklar som fick bli surrogat f\u00f6r ridh\u00e4st. Cyklarna utrustades med man och svans. Cykelst\u00e4llet fick bli stall. En dag kom Madeleine inrusande med Jessica i sl\u00e4pt\u00e5g, hon hade kommit p\u00e5 en lysande ide.\u00a0 &lt; Pappa, pappa kan vi inte f\u00e5 en begagnad h\u00e4st?&gt;\u00a0S\u00e5 b\u00f6rjade v\u00e5rt liv med h\u00e4st. Bombi-bitt en r\u00f6d\/vit schetlandsponny kom att bli medlem av v\u00e5r familj. Kjell fick bygga om vedboden till stall. H\u00f6 fick vi av Ingelssons. Allt skulle ha varit bra, men vi kunde inte det h\u00e4r med h\u00e4st. En envis rackare, som tog chansen n\u00e4r han f\u00f6rstod,&#8221; dom h\u00e4r kan ingenting&#8221; Kjell byggde senare p\u00e5 sommaren ett stall med tv\u00e5 boxar. En blev omg. uthyrd till Birgitta Svensson som f\u00e5tt ponnyn Vando. Fam Lundin fr\u00e5n N\u00e4s\u00e5ker k\u00f6pte fjordingen Gumman till sina d\u00f6ttrar Helen och Paula. Gumman fick st\u00e5 i Ingelssons stall. Vi har nu fyra ridh\u00e4star i byn. Ridsugna flickor i alla \u00e5ldrar samlas nu hos oss. D\u00e5 kom tanken, t\u00e4nk om vi skulle \u00f6ppna ridskola, med Karin som ridl\u00e4rare. Sagt och gjort, vi tr\u00e4ffades h\u00e4st\u00e4gare och barn\u00a0en kv\u00e4ll hemma hos oss. Tog ett beslut. Vi skulle \u00f6ppna ridskola.\u00a0 Uts\u00e5g Karin till ridl\u00e4rare. Bildade\u00a0 en styrelse\u00a0med oss h\u00e4st\u00e4gande f\u00f6r\u00e4ldrar. Bildade Holafors ryttarf\u00f6rening. HRF. S\u00e5 var vi ig\u00e5ng. Flera h\u00e4star kom. Den gamla ombyggda ladug\u00e5rden hos Ingelssons\u00a0blev snart fullbelagd. All ledig tid gick \u00e5t till att bygga hagar ,paddock, hinder, sk\u00f6ta stall och h\u00e4star.\u00a0Vi slog h\u00f6 inte bara i Holafors utan i byarna runt omkring. H\u00f6et fick vi gratis. \u00c4ven sp\u00e5n som vi h\u00e4mtade i s\u00e4ckar, fr\u00e5n olika s\u00e5gverk fick vi gratis. Vatten bar vi i hinkar fr\u00e5n Gudruns k\u00f6k, d\u00e4r \u00e4ven teorilektioner h\u00f6lls. Deras privata toa anv\u00e4ndes av rideleverna, Vintertid eldade vi i en vedspis i stallet f\u00f6r att v\u00e4rma vatten \u00e5t h\u00e4starna och v\u00e4rma oss sj\u00e4lva.\u00a0 Vi ordnar fester, hoppt\u00e4vlingar, lotterier, ridl\u00e4ger\u00a0allt f\u00f6r att f\u00e5 pengar till f\u00f6reningen\u00a0 och till Karins utbildning. Prisrosetter tillverkar vi sj\u00e4lva. Madde v\u00e4xer ur Bombi och vi k\u00f6per h\u00e4sten\u00a0Tarantello\u00a0 en New forrest, som blir\u00a0 ridskolans favorit. Tiden som aktiv i HRF. var en underbar tid. Men \u00e4ven den sagan hade ett slut. Det var dags f\u00f6r v\u00e5ra flickor att v\u00e4lja utbildning\u00a0,\u00a0 flytta hemifr\u00e5n. Det\u00a0var\u00a0dags f\u00f6r nya ideella aktiva att ta \u00f6ver, det som vi en g\u00e5ng startade en kv\u00e4ll i v\u00e5rat k\u00f6k.<\/p>\n","protected":false},"excerpt":{"rendered":"<p>\u00a0EN BEGAGNAD H\u00c4ST Det var s\u00e5 det b\u00f6rjade\u00a0\u00e5r 1976.\u00a0 Familjen Ingelsson flyttade hem till Holafors. Med sig hade dom ton\u00e5rsdottern Karin. Vad vi sedan f\u00f6rstod en h\u00e4sttokig tjej. Fam. var \u00f6ppen och glad, tog g\u00e4rna emot v\u00e5ra sm\u00e5tjejer Madeleine och &hellip; <a href=\"https:\/\/holafors.vildavastra.se\/?page_id=418\">Forts\u00e4tt l\u00e4sa <span class=\"meta-nav\">&rarr;<\/span><\/a><\/p>\n","protected":false},"author":1,"featured_media":0,"parent":0,"menu_order":12,"comment_status":"open","ping_status":"open","template":"onecolumn-page.php","meta":{"footnotes":""},"class_list":["post-418","page","type-page","status-publish","hentry"],"_links":{"self":[{"href":"https:\/\/holafors.vildavastra.se\/index.php?rest_route=\/wp\/v2\/pages\/418","targetHints":{"allow":["GET"]}}],"collection":[{"href":"https:\/\/holafors.vildavastra.se\/index.php?rest_route=\/wp\/v2\/pages"}],"about":[{"href":"https:\/\/holafors.vildavastra.se\/index.php?rest_route=\/wp\/v2\/types\/page"}],"author":[{"embeddable":true,"href":"https:\/\/holafors.vildavastra.se\/index.php?rest_route=\/wp\/v2\/users\/1"}],"replies":[{"embeddable":true,"href":"https:\/\/holafors.vildavastra.se\/index.php?rest_route=%2Fwp%2Fv2%2Fcomments&post=418"}],"version-history":[{"count":4,"href":"https:\/\/holafors.vildavastra.se\/index.php?rest_route=\/wp\/v2\/pages\/418\/revisions"}],"predecessor-version":[{"id":432,"href":"https:\/\/holafors.vildavastra.se\/index.php?rest_route=\/wp\/v2\/pages\/418\/revisions\/432"}],"wp:attachment":[{"href":"https:\/\/holafors.vildavastra.se\/index.php?rest_route=%2Fwp%2Fv2%2Fmedia&parent=418"}],"curies":[{"name":"wp","href":"https:\/\/api.w.org\/{rel}","templated":true}]}}