{"id":23,"date":"2010-09-16T22:59:25","date_gmt":"2010-09-16T20:59:25","guid":{"rendered":"http:\/\/holafors.vildavastra.se\/?page_id=23"},"modified":"2010-11-20T18:34:36","modified_gmt":"2010-11-20T17:34:36","slug":"da-och-nu","status":"publish","type":"page","link":"https:\/\/holafors.vildavastra.se\/?page_id=23","title":{"rendered":"D\u00e5 och Nu"},"content":{"rendered":"<p>En by i f\u00f6rvandling.<\/p>\n<p>D\u00c5.<br \/>\nD\u00e5 n\u00e4r jag \u00e5r 1953 f\u00f6r f\u00f6rsta g\u00e5ngen kom till Holafors, kom jag till en kraftfull jordbruksbygd. Jag var 16 \u00e5r, f\u00f6r\u00e4lskad i Kjell, en 19-\u00e5rig Holaforsgrabb. Vattenfall hade just etablerat sig i bygden. Kilforsens kraftverksbygge var i full g\u00e5ng och Lasele hade p\u00e5b\u00f6rjats. Kjell arbetade i Kilforsen. Jag blev Holaforsbo \u00e5r 1955.<\/p>\n<p>Det fanns d\u00e5 36 familjer i byn. Av dessa var 21 familjer sm\u00e5brukare, dom flesta p\u00e5 Per Albinstorp med n\u00e5gra kor och sm\u00e5boskap i sina ladug\u00e5rdar. Sj\u00e4lvf\u00f6rs\u00f6rjande n\u00e4r det g\u00e4llde mat. Levde p\u00e5 vad djuren gav.\u00a0\u00a0Tre st\u00f6rre skogs- och jordbruksfastigheter gav arbete till g\u00e5rdens folk och n\u00e5gra anst\u00e4llda.\u00a0\u00a0Arbetsh\u00e4star fanns p\u00e5\u00a0sex g\u00e5rdar. Ett v\u00e4l fungerande s\u00e5gverk fanns p\u00e5 en av fastigheterna, som \u00e4ven det gav arbete till n\u00e5gra anst\u00e4llda.<\/p>\n<p>Holafors \u00e4r till ytan en stor by, med g\u00e5rdar utspridda p\u00e5 ca 6 km utefter riks90. Men \u00e4ven med g\u00e5rdar efter \u00e4lven.\u00a0 N\u00e5gra av dessa, d\u00e5 med en underbar utsikt \u00f6ver den \u00e4nnu inte utbyggda Holaforsen. S\u00e5 m\u00e5nga bilburna fanns heller inte, speciellt inte bland dom \u00e4ldre. D\u00e4remot hade dom yngre\u00a0m\u00e4nnen b\u00f6rjat skaffat sig k\u00f6rkort p\u00e5 bil och motorcykel. Det var cykel och s\u00e5 kallade L\u00e4ttviktare som g\u00e4llde bland dom \u00e4ldre. Senare kom mopeden.<\/p>\n<p>Det gick ocks\u00e5 bra att g\u00e5, f\u00f6r servicen fanns i byn. En v\u00e4lsorterad diversehandel, med bensinpump p\u00e5 g\u00e5rden. Poststation, telegrafstation med talhytt, m\u00e5nga hade inte egen telefon. Kiosk fanns p\u00e5 Kjells f\u00f6r\u00e4ldrag\u00e5rd. Vi som inte hade jordbruk k\u00f6pte mj\u00f6lk av b\u00f6nderna. En h\u00f6nsg\u00e5rd fanns d\u00e4r vi kunde f\u00e5 k\u00f6pa \u00e4gg. M\u00e5nga av oss h\u00f6ll gris sj\u00e4lva, fick p\u00e5 s\u00e5 vis julfl\u00e4sket och skinkan r\u00e4ddad. Om vi beh\u00f6vde \u00e5ka l\u00e4ngre bort, fanns taxiverksamhet i byn eller ocks\u00e5 tog vi \u201dlandsv\u00e4gs bussen\u201d som gick mellan Junsele och Sollefte\u00e5. Eller mj\u00f6lkbussen. En \u00e5kerifirma med lastbil och traktor hade nyligen etablerat sig i byn. Skolan hade just lagts ner, barnen fick \u00e5ka med ordinarie buss till N\u00e4s\u00e5ker..<\/p>\n<p>Samlingspunkter som gav socialt umg\u00e4nge blev aff\u00e4ren \u2013 posten \u2013 kiosken. I Skolan samlade kyrkan oss till olika sammankomster. Det fanns \u00e4ven en fungerande dansbana \u201dTallbacken\u201d i n\u00e5gra \u00e5r. Den lades sedan ner.<\/p>\n<p>Kraftverksepoken blommade, det fanns gott om arbete, f\u00f6r b\u00e5de \u00e4ldre och yngre m\u00e4n i byn. Kvinnorna arbetade hemma med inne och utesysslor. M\u00e4nnen blev dubbelarbetande. S\u00e5 sm\u00e5ningom f\u00f6svann sm\u00e5bruk efter sm\u00e5bruk. Dom \u00e4ldre orkade inte forts\u00e4tta och dom yngre flyttade n\u00e4r kraftverksepoken var \u00f6ver.<\/p>\n<p>Aff\u00e4ren, posten, telegrafen, taxi, kiosken mm lades ner. En ny riksv\u00e4g 90 hade\u00a0dragits, som fick en annan str\u00e4ckning, utanf\u00f6r byn. Helt pl\u00f6tsligt delades byv\u00e4gen i fyra sektioner. Byn blev inte sammanh\u00e4ngande l\u00e4ngre. Samh\u00e4llen i stort utvecklades under \u00e5ren. Storkommuner bildades. Det blev stilla i Holafors. En ny tj\u00e4nst inf\u00f6rdes, \u00e4ldrev\u00e5rd i hemmet. Dom gamla kunde f\u00e5 stanna kvar i sina hem, f\u00e5 den v\u00e5rd som beh\u00f6vdes.<\/p>\n<p>NU.<br \/>\nNu lever Holafors ett annat liv. V\u00e5r familj som best\u00e5tt av sex personer plus en massa djur. Barnens kompisar. Det var liv och gl\u00e4dje fr\u00e5n morron till kv\u00e4ll, blev det pl\u00f6tsligt bara vi tv\u00e5 kvar. Visst har nya yngre bosatt sig i byn.<\/p>\n<p>G\u00e5rdarna har f\u00e5tt nya \u00e4gare. Men av oss som fanns h\u00e4r f\u00f6r 60 \u00e5r sedan finns nu bara sex g\u00e5rdar med sju genuina Holaforspersoner kvar idag. \u00d6vriga \u00e4r nyinflyttade, ett namn, men f\u00f6r oss ok\u00e4nda. Alla har sitt. Dom yngre arbetar borta p\u00e5 dagarna, vi umg\u00e5s s\u00e4llan Holafors har blivit en \u201dsovstad\u201d. Vi gamlingar sitter i v\u00e5ra hus och v\u00e4ntar. P\u00e5 vad d\u00e5? Det oundvikliga, att allt har ett slut \u00e4ven v\u00e5rt liv i Holafors.<\/p>\n<p>Men ridskolan som vi startade f\u00f6r 30 \u00e5r sedan lever vidare och g\u00f6r livet p\u00e5 v\u00e5r lilla bit av byn b\u00e5de rikare och gladare med alla barn och h\u00e4star som passerar f\u00f6rbi. En smolk i b\u00e4garen \u00e4r att nuvarande granne och fastighets\u00e4gare, med all r\u00e4tt, st\u00e4ngt av alla fina ridv\u00e4gar som vi d\u00e5 hade tillg\u00e5ng till, samt \u00e4ven den v\u00e4g vi<br \/>\nanv\u00e4nde till ridskolan. Men skam den som ger sig, nya v\u00e4gar \u00f6ppnas och livet g\u00e5r vidare p\u00e5 ridskolan.<\/p>\n<p>Utvecklingen har p\u00e5 dom h\u00e4r 60 \u00e5ren g\u00e5tt fram\u00e5t, s\u00e4gs det. Fr\u00e5n v\u00e5r lilla by Holafors till N\u00e4s\u00e5ker-till Sollefte\u00e5 eller som nu \u00e4r EU med sitt s\u00e4te i Europa best\u00e4mmer \u00f6ver oss. Jag tycker det g\u00e5tt bak\u00e5t som i s\u00e5 m\u00e5nga andra byar.<\/p>\n<p>Tack och lov finns det eldsj\u00e4lar som orkar g\u00e5 vidare. Holafors \u00e4r NU en prick p\u00e5 kartan vid sidan av riks90. En by som dom flesta passerar f\u00f6rbi.<\/p>\n","protected":false},"excerpt":{"rendered":"<p>En by i f\u00f6rvandling. D\u00c5. D\u00e5 n\u00e4r jag \u00e5r 1953 f\u00f6r f\u00f6rsta g\u00e5ngen kom till Holafors, kom jag till en kraftfull jordbruksbygd. Jag var 16 \u00e5r, f\u00f6r\u00e4lskad i Kjell, en 19-\u00e5rig Holaforsgrabb. Vattenfall hade just etablerat sig i bygden. Kilforsens &hellip; <a href=\"https:\/\/holafors.vildavastra.se\/?page_id=23\">Forts\u00e4tt l\u00e4sa <span class=\"meta-nav\">&rarr;<\/span><\/a><\/p>\n","protected":false},"author":1,"featured_media":0,"parent":0,"menu_order":6,"comment_status":"open","ping_status":"open","template":"onecolumn-page.php","meta":{"footnotes":""},"class_list":["post-23","page","type-page","status-publish","hentry"],"_links":{"self":[{"href":"https:\/\/holafors.vildavastra.se\/index.php?rest_route=\/wp\/v2\/pages\/23","targetHints":{"allow":["GET"]}}],"collection":[{"href":"https:\/\/holafors.vildavastra.se\/index.php?rest_route=\/wp\/v2\/pages"}],"about":[{"href":"https:\/\/holafors.vildavastra.se\/index.php?rest_route=\/wp\/v2\/types\/page"}],"author":[{"embeddable":true,"href":"https:\/\/holafors.vildavastra.se\/index.php?rest_route=\/wp\/v2\/users\/1"}],"replies":[{"embeddable":true,"href":"https:\/\/holafors.vildavastra.se\/index.php?rest_route=%2Fwp%2Fv2%2Fcomments&post=23"}],"version-history":[{"count":23,"href":"https:\/\/holafors.vildavastra.se\/index.php?rest_route=\/wp\/v2\/pages\/23\/revisions"}],"predecessor-version":[{"id":423,"href":"https:\/\/holafors.vildavastra.se\/index.php?rest_route=\/wp\/v2\/pages\/23\/revisions\/423"}],"wp:attachment":[{"href":"https:\/\/holafors.vildavastra.se\/index.php?rest_route=%2Fwp%2Fv2%2Fmedia&parent=23"}],"curies":[{"name":"wp","href":"https:\/\/api.w.org\/{rel}","templated":true}]}}