{"id":198,"date":"2010-10-26T21:57:22","date_gmt":"2010-10-26T19:57:22","guid":{"rendered":"http:\/\/holafors.vildavastra.se\/?page_id=198"},"modified":"2011-01-11T15:28:35","modified_gmt":"2011-01-11T14:28:35","slug":"kringeln","status":"publish","type":"page","link":"https:\/\/holafors.vildavastra.se\/?page_id=198","title":{"rendered":"Kringeln"},"content":{"rendered":"<p>\u00a0\u00a0\u00a0\u00a0\u00a0\u00a0\u00a0\u00a0\u00a0\u00a0\u00a0\u00a0\u00a0\u00a0\u00a0\u00a0\u00a0\u00a0\u00a0\u00a0\u00a0\u00a0\u00a0\u00a0\u00a0\u00a0\u00a0\u00a0\u00a0\u00a0\u00a0\u00a0\u00a0 45. Lydia N\u00e4sstr\u00f6m<\/p>\n<p>Kringeln ellerKringelnipan h\u00f6rde jag ofta talas om n\u00e4r jag kom hit. Vad jag f\u00f6rst\u00e5tt s\u00e5 \u00e4r det gamla sl\u00e5tter\u00e4ngar tillh\u00f6rande\u00a0 Holafors hemmans\u00e4gare. De arrendrade torp tillh\u00f6rande\u00a0 in\u00e4gorna hade r\u00e4tt till foderh\u00f6 efter Kringeln och dels Kvarnsvedjan som vi kallar Neabacken.\u00a0 Fr\u00e5n M\u00e4lers hemman h\u00e4rstammar\u00a0 Lydia Lidstr\u00f6ms torp p\u00e5 Kringelnipan . D\u00e4r sammanbodde hon med skomakaren Leander Sellgren. De sk\u00f6ter tillsammans sitt lilla jordbruk, lever av vad g\u00e5rden ger och Leanders inkomst av skomakeri. Lydia klipper mattrasor, v\u00e4ver mattor p\u00e5 best\u00e4llning ochf\u00e5r p\u00e5 s\u00e5 vis ett litet tillskott i hush\u00e5llskassan\u00a0.Lydia \u00e4r en f\u00e4gstark kvinna, tycker om att kl\u00e4 sig f\u00e4rgstark. V\u00e4gen ner till Lydia \u00e4r l\u00e5ng. stenig och krokig genom\u00a0 t\u00e4t skogsmark. Men v\u00e4l framme \u00f6ppnar sig en vacker vy. Det m\u00e5ste vara starka\u00a0 m\u00e4nniskor som orkar bo p\u00e5 s\u00e5dana st\u00e4llen. T\u00e4nk bara v\u00e4gen upp p\u00e5 byn, till aff\u00e4r och post. Efter halva v\u00e4gen upp p\u00e5 byn, hade n\u00e5gon\u00a0 p\u00e5 senare \u00e5r l\u00e5tit bygga ett &#8221;cyckelgarage&#8221; till Lydia. D\u00e4rifr\u00e5n kunde hon leda cykeln och sedan cykla in p\u00e5 byn. Hur hon vintertid sk\u00f6tte v\u00e4gh\u00e5llningen \u00e4r f\u00f6r mig en g\u00e5ta. N\u00e4r Leader gick bort och Lydias \u00e5lder b\u00f6rjar ta ut sin r\u00e4tt, flyttar hon till en l\u00e4genhet p\u00e5 skolan i byn. D\u00e4r bor hon till sin d\u00f6d.Det \u00e4r l\u00e4ngesedan vi bes\u00f6kte det gamla torpet,men redan d\u00e5 hade natutren \u00e5tertagit sin r\u00e4tt.<\/p>\n","protected":false},"excerpt":{"rendered":"<p>\u00a0\u00a0\u00a0\u00a0\u00a0\u00a0\u00a0\u00a0\u00a0\u00a0\u00a0\u00a0\u00a0\u00a0\u00a0\u00a0\u00a0\u00a0\u00a0\u00a0\u00a0\u00a0\u00a0\u00a0\u00a0\u00a0\u00a0\u00a0\u00a0\u00a0\u00a0\u00a0\u00a0 45. Lydia N\u00e4sstr\u00f6m Kringeln ellerKringelnipan h\u00f6rde jag ofta talas om n\u00e4r jag kom hit. Vad jag f\u00f6rst\u00e5tt s\u00e5 \u00e4r det gamla sl\u00e5tter\u00e4ngar tillh\u00f6rande\u00a0 Holafors hemmans\u00e4gare. De arrendrade torp tillh\u00f6rande\u00a0 in\u00e4gorna hade r\u00e4tt till foderh\u00f6 efter Kringeln och dels Kvarnsvedjan &hellip; <a href=\"https:\/\/holafors.vildavastra.se\/?page_id=198\">Forts\u00e4tt l\u00e4sa <span class=\"meta-nav\">&rarr;<\/span><\/a><\/p>\n","protected":false},"author":1,"featured_media":0,"parent":0,"menu_order":7,"comment_status":"open","ping_status":"open","template":"onecolumn-page.php","meta":{"footnotes":""},"class_list":["post-198","page","type-page","status-publish","hentry"],"_links":{"self":[{"href":"https:\/\/holafors.vildavastra.se\/index.php?rest_route=\/wp\/v2\/pages\/198","targetHints":{"allow":["GET"]}}],"collection":[{"href":"https:\/\/holafors.vildavastra.se\/index.php?rest_route=\/wp\/v2\/pages"}],"about":[{"href":"https:\/\/holafors.vildavastra.se\/index.php?rest_route=\/wp\/v2\/types\/page"}],"author":[{"embeddable":true,"href":"https:\/\/holafors.vildavastra.se\/index.php?rest_route=\/wp\/v2\/users\/1"}],"replies":[{"embeddable":true,"href":"https:\/\/holafors.vildavastra.se\/index.php?rest_route=%2Fwp%2Fv2%2Fcomments&post=198"}],"version-history":[{"count":6,"href":"https:\/\/holafors.vildavastra.se\/index.php?rest_route=\/wp\/v2\/pages\/198\/revisions"}],"predecessor-version":[{"id":593,"href":"https:\/\/holafors.vildavastra.se\/index.php?rest_route=\/wp\/v2\/pages\/198\/revisions\/593"}],"wp:attachment":[{"href":"https:\/\/holafors.vildavastra.se\/index.php?rest_route=%2Fwp%2Fv2%2Fmedia&parent=198"}],"curies":[{"name":"wp","href":"https:\/\/api.w.org\/{rel}","templated":true}]}}