{"id":192,"date":"2010-10-26T21:55:39","date_gmt":"2010-10-26T19:55:39","guid":{"rendered":"http:\/\/holafors.vildavastra.se\/?page_id=192"},"modified":"2010-11-11T05:13:01","modified_gmt":"2010-11-11T04:13:01","slug":"vastbyn","status":"publish","type":"page","link":"https:\/\/holafors.vildavastra.se\/?page_id=192","title":{"rendered":"V\u00e4stbyn"},"content":{"rendered":"<p>\u00a0\u00a0V\u00e4stbyn \u00e4r min del av byn.Den del som blev min och min familjs fasta punkt.<\/p>\n<p>\u00a0\u00a0\u00a0\u00a0\u00a0\u00a0\u00a0\u00a0\u00a0\u00a0\u00a0\u00a0\u00a0\u00a0\u00a0\u00a0\u00a0\u00a0\u00a0\u00a0\u00a0\u00a0\u00a0\u00a0\u00a0\u00a0\u00a0\u00a0 13. Helenas<\/p>\n<p>N\u00e4r vi passerat L\u00e5ngmon, kommer vi fram till Helena och Albert Fj\u00e4lls\u00a0 jordbruksfastighet. Helena och Albert fick sex barn, varav den yngsta Dagny \u00e4nnu \u00e4r i livet. Albert gick bort innan jag kom till Holafors. Sonen Sixten bodde kvar hemma, de \u00f6vriga barnen\u00a0 hade flyttat hemifr\u00e5n. Albert arbetade under sin levnad, liksom sina br\u00f6der Alfred och Johannes med stenarbete. Helena kom ofta \u00f6ver till oss\u00a0 och h\u00e4lsade p\u00e5. Hon gick d\u00e5 \u00f6ver b\u00e4cken som rinner mellan v\u00e5ra fastigheter. V\u00e5r dotter Lille- mon tre \u00e5r,\u00a0kallade henne f\u00f6r &#8221;K\u00e4ringa baka b\u00e4cken&#8221; Det hade Helena l\u00e4rt henne. Vi hade mj\u00f6lktag hos henne ocks\u00e5 i n\u00e5gra \u00e5r.\u00a0 Efter Helenas bortg\u00e5ng \u00f6vertog sonen Karl- Gustaf fastigheten. Hyrde ut huset till olika personer.\u00a0 Karl Gustafs arvingar s\u00e5lde sedan huset och delar av fastigheten till Eva \u00d6man som tillsammans\u00a0 med Siv Engdahl bedrev kennel. De h\u00f6ll \u00e4ven mindre h\u00e4stavel.\u00a0 Eva gick bort f\u00f6r n\u00e5gra \u00e5r sedan. Siv flyttade och nu st\u00e5r fastigheten obebodd.<\/p>\n<p>\u00a0\u00a0\u00a0\u00a0\u00a0\u00a0\u00a0\u00a0\u00a0\u00a0\u00a0\u00a0\u00a0\u00a0\u00a0\u00a0\u00a0\u00a0\u00a0\u00a0\u00a0\u00a0 14.\u00a0 Kr\u00e5nglin- H\u00e4ggkvist &#8211; Ahlstr\u00f6m<\/p>\n<p>\u00a0\u00a0\u00a0\u00a0\u00a0\u00a0\u00a0\u00a0\u00a0\u00a0\u00a0\u00a0\u00a0\u00a0\u00a0\u00a0\u00a0\u00a0\u00a0\u00a0\u00a0 15.\u00a0 M\u00e4ltorp 1 &#8211; H\u00e4ggkvist<\/p>\n<p>N\u00e4sta g\u00e5rd vi kommer till \u00e4r H\u00e4ggkvists. Holafors 2:39 ochHolafors 2.11 eller som den heter i lagfart och k\u00f6pebrev M\u00e4ltorp 1. M\u00e4ltorp \u00e4r en avs\u00f6ndring fr\u00e5n stamfastighet Holafors 2:2 Nils Jonas M\u00e4hlers.\u00a0D\u00e4rav namnet M\u00e4ltorp.\u00a0 Avstyckningen\u00a0gick f\u00f6rst\u00a0till handlaren Otto\u00a0Lundin \u00e5r 1917.D\u00e4refter till Sixten Lundin, som 1948 sedan\u00a0 s\u00e5lde den till\u00a0Hilding och Erene H\u00e4ggkvist\u00a0. H\u00e4r byggde de upp ett\u00a0nytt modert Vetlandahus.\u00a0 N\u00e4r jag kom hit 1954, kom jag till en storfamilj. Hilding och Erene delar sitt hem,\u00a0med s\u00f6nernaTony och Kjell,mormor M\u00e4rta, mosterLisa och sl\u00e4ktingen Albin Fj\u00e4ll,\u00a0Sonen Singvall har flyttat hemifr\u00e5n.\u00a0 Moster Lisa dog 1954. Mormor M\u00e4rta 1957. Albin har flyttat\u00a0 till en liten barack p\u00e5 tomten . Hilding och Erene\u00a0har ocks\u00e5 satt upp en kiosk\u00a0 p\u00e5 g\u00e5rden. Intill kiosken p\u00e5 samma tomt har Kjell och jag byggt\u00a0upp v\u00e5rt lilla\u00a0hem\u00a0. H\u00e4r f\u00f6ddes v\u00e5ra fyra barn Lille- mon. Jonnie, Madeleine och Jessica. 1972 k\u00f6pte vi fastigheten av\u00a0 Kjells f\u00f6r\u00e4ldrar Hilding och Erene,\u00a0samtidigt som vi bytte hus med varandra.\u00a0 Kiosken s\u00e5ldes samma \u00e5r.\u00a0 Fr\u00e5n och med det startades ett nytt inneh\u00e5llsrikt liv f\u00f6r v\u00e5r familj.Mer finns att l\u00e4sa i min bok &#8221;Ett nytt liv&#8221;\u00a0\u00a0 <a href=\"http:\/\/www.hasselrot.nu\">www.hasselrot.nu<\/a><\/p>\n<p>\u00a0\u00a0\u00a0\u00a0\u00a0\u00a0\u00a0\u00a0\u00a0\u00a0\u00a0\u00a0\u00a0\u00a0\u00a0 Holafors 2;39<\/p>\n<p>\u00a0\u00a0\u00a0\u00a0\u00a0\u00a0\u00a0\u00a0\u00a0\u00a0\u00a0\u00a0\u00a0\u00a0\u00a0\u00a0\u00a0\u00a0\u00a0\u00a0\u00a0\u00a0\u00a0\u00a0\u00a0\u00a0\u00a0\u00a0\u00a0\u00a0\u00a0\u00a0\u00a0\u00a0\u00a0\u00a0\u00a0\u00a0\u00a0\u00a0\u00a0\u00a0\u00a0\u00a0\u00a01978 s\u00e5lde vi en avstyckad tomt Holaforsen 2.39 till Kjells bror Tony och hans sambo Imber. D\u00e4r byggde de upp sitt hem, fick fyra flickor Monia , Marielle, Malou, Moa. Tony l\u00e4mnade oss i en sv\u00e5r sjukdom\u00a0 1985. Men livet gick vidare. Imber bor kvar\u00a0 med\u00a0 sambo Per Gunnar\u00a0och deras tv\u00e5 barn Morgan och Matilda.\u00a0PeGe har med sin skaparkraft\u00a0 bygggt upp\u00a0och f\u00f6rsett g\u00e5rden med b\u00e5de stall , garage\/ verkstad, bastu.\u00a0 H\u00e4star och barn har under \u00e5ren\u00a0sk\u00e4nkt liv p\u00e5 deras g\u00e5rd.De\u00a0fyra \u00e4ldsta\u00a0barnen har flyttat hemifr\u00e5n. Men Matilda bor kvar och\u00a0har\u00a0fortfarande n\u00e5gra h\u00e4star kvar\u00a0i stallet.\u00a0\u00a0<\/p>\n<p>\u00a0\u00a0\u00a0\u00a0\u00a0\u00a0\u00a0\u00a0\u00a0\u00a0\u00a0\u00a0\u00a0\u00a0\u00a0\u00a0\u00a0\u00a0\u00a0\u00a0\u00a0\u00a0\u00a0\u00a0\u00a0\u00a0\u00a0\u00a0\u00a0\u00a0 Kolugnen.<\/p>\n<p>Som en kuriosa kan jag n\u00e4mna att mittemot\u00a0 deras fastighet,p\u00e5 andra sidan v\u00e4gen,\u00a0st\u00e5r en gammal tall, som rester fr\u00e5n den tid det fanns en kolugn d\u00e4r. &#8221;K\u00f6l omma&#8221; som vi sa, uppr\u00e4ttades av br\u00f6derna Svensson, och det kolades d\u00e4r fram till 50-talet. B\u00e5de Kjell och Singvall har arbetat d\u00e4r,. En brand avslutade verksamheten, det brann \u00e4ven i toppen p\u00e5 den stora tallen. D\u00e4rav den fina kronan. Kolugnen stod l\u00e4ge kvar\u00a0 som en ruin, men \u00e4r nu j\u00e4mnad med marken.<\/p>\n<p>N\u00e4sta g\u00e5rd vi m\u00f6ter \u00e4r v\u00e5r granne Einars..<\/p>\n<p>\u00a0\u00a0\u00a0\u00a0\u00a0\u00a0\u00a0\u00a0\u00a0\u00a0\u00a0\u00a0\u00a0\u00a0\u00a0\u00a0\u00a0\u00a0\u00a0\u00a0\u00a0 !6. August Erikssons.<\/p>\n<p>August Erikssons sa vi , fast det egentligen \u00e4r Augusts dotter Boel och m\u00e5gen Einar med d\u00f6ttrarna Gunilla och Geine\u00a0som bor p\u00e5 fastigheten. En avstyckning fr\u00e5n Karl Olofs M\u00e4hlers hemman 2:2. Sj\u00e4lv bor August i en egen stuga\u00a0 p\u00e5 samma fastighet , men avskild genom att byv\u00e4gen delar g\u00e5rdstunet. Byns telefon v\u00e4xel flyttades till August Erikssons fastighet 1938. Numera sk\u00f6ts den av Boel. Jag har ocks\u00e5 f\u00e5tt l\u00e4ra mig\u00a0 sk\u00f6ta v\u00e4xeln, sk\u00f6ter den n\u00e4r Boel beh\u00f6ver vara ledig. Farbror August l\u00e4rde jag k\u00e4nna genom v\u00e4xeln. Han kom ofta in och\u00a0 pratade med mig, n\u00e4r jag satt i v\u00e4xeln. Einar arbetar som borrf\u00f6rman\u00a0 p\u00e5 anl\u00e4ggen i Kilforsen och Lasele. Han har ocks\u00e5 en traktor som Kjell f\u00e5tt anst\u00e4llning p\u00e5, som traktorf\u00f6rare p\u00e5 anl\u00e4ggningsbyggena. Efter August d\u00f6d, helrenoverade Boel och Einar August stuga och gjorde den till sin bostad. V\u00e4xeln lades samtidigt ner, telefonerna blev automatiserade.Gunilla och Geine flyttade hemifr\u00e5n. Efter Einars fr\u00e5nf\u00e4lle, bodde Boel kvar n\u00e5gra \u00e5r, men flyttade sedan till Sollefte\u00e5 Nu \u00e4rBoels dotter Gunilla och hennes\u00a0man Ebbe v\u00e5ra grannar, fastigheten lever vidare\u00a0 nu i tredje generationen sedan 1955.\u00a0 \u00c4ven fj\u00e4rde generationen genom\u00a0 Gunilla och Ebbes barn ,Markus och Annika och deras barn. Vi har f\u00e5tt uppleva fem generationer p\u00e5 samma fastighet\u00a0 under 55 \u00e5r.<\/p>\n<p>\u00a0\u00a0\u00a0\u00a0\u00a0\u00a0\u00a0\u00a0\u00a0\u00a0\u00a0\u00a0\u00a0\u00a0\u00a0\u00a0\u00a0\u00a0\u00a0\u00a0 Boel var den som l\u00e4rde mig Holaforsskogarna. Jag fick f\u00f6lja med p\u00e5 h\u00f6stens lingonplockning. Vi gick till Lundinsbodarna, R\u00e4vell\u00e5sen ,Storh\u00f6gda Frans\u00e5sen m.fl.\u00a0 f\u00f6ldje linor och sandstr\u00e4ngar.En of\u00f6rgl\u00f6mlig tid.<\/p>\n<p>Vi forts\u00e4tter byv\u00e4gen .Uppe p\u00e5 backen till h\u00f6ger, mittemot vad vi kallar\u00a0 f\u00f6r Kullarna\u00a0bor<\/p>\n<p>\u00a0\u00a0\u00a0\u00a0\u00a0\u00a0\u00a0\u00a0\u00a0\u00a0\u00a0\u00a0\u00a0\u00a0\u00a0\u00a0\u00a0\u00a0\u00a0\u00a0\u00a0\u00a0\u00a0\u00a0\u00a0\u00a0\u00a0\u00a0\u00a0 17. August Molens<\/p>\n<p>August och Stina Molen bor p\u00e5 det torp August \u00e4rvde efter sin far Nicke Molen. Av deras tre barn Elaine Sonja och Kerstin bor Kerstin fortfarande hemma.\u00a0 Den stora timmerg\u00e5rden st\u00e5r tom efter faderns d\u00f6d. Den har ocks\u00e5 fungerat\u00a0 som konsumbutik. August arbetade vid vattenfall i n\u00e5gra \u00e5r\u00a0 men huvudsysslan\u00a0\u00e4r arbetet p\u00e5 g\u00e5rden tillsammans med Stina. F\u00f6rutom husmorssysslorna\u00a0\u00e4r Stina en duktig v\u00e4verska. Hennes specialite\u00a0\u00e4r damastv\u00e4vnad. V\u00e4vstolarna\u00a0\u00e4r tillverkade av August, som f\u00f6r \u00f6vrigt\u00a0\u00e4r en duktig tr\u00e4snidare. Hos oss finns en v\u00e4vstol som August tillverkat. Efter\u00a0 deras d\u00f6d tillh\u00f6rde torpet dottern Sonja en tid.\u00a0Det s\u00e5ldes sedan till en dansk familj, som numera varje sommar och vid h\u00f6stens \u00e4lgjakt bes\u00f6ker torpet.<\/p>\n<p>Torpets \u00f6vriga byggnader har farit illa,av de \u00e5r det varit obebott. Den stora r\u00f6da timmerstugan blev riven och bortforslad.Men den lilla bagarstugan vid b\u00e4cken lever \u00e4n\u00a0 och anv\u00e4nds flitigt av b.la.\u00a0 grannarna Imber och \u00c5sa.<\/p>\n<p>N\u00e5got st\u00f6rre umg\u00e4nge hade jag inte med\u00a0 August och Stina, men vi hade mj\u00f6lktag \u00e4ven\u00a0hos dem\u00a0under vissa perioder.August bes\u00f6kte kiosken en g\u00e5ng varje \u00e5r.P\u00e5 julaftonens morron kom han finkl\u00e4dd och k\u00f6pte godis och frukt till barn och barnbarn som var hemma\u00a0p\u00e5 julbes\u00f6k.<\/p>\n<p>\u00a0\u00a0\u00a0\u00a0\u00a0\u00a0\u00a0\u00a0\u00a0\u00a0\u00a0\u00a0\u00a0\u00a0\u00a0\u00a0\u00a0\u00a0\u00a0\u00a0\u00a0\u00a0\u00a0\u00a0\u00a0\u00a0\u00a0\u00a0\u00a0\u00a0\u00a018.\u00a0\u00a0\u00a0\u00a0\u00a0\u00a0\u00a0\u00a0\u00a0\u00a0 Vernes<\/p>\n<p>P\u00e5 n\u00e4sta fasighet,\u00a0 granne med Molens\u00a0bor\u00a0 Verner och Emma Ingelsson. Emma \u00e4r bror med August. P\u00e5 samma g\u00e5rd\u00a0vid nipkanten ,i en liten gr\u00e5 stuga bor Emma och Augusts farbror Ante Molen. Emma och Verner har byggts sig ett Per Albin torp d\u00e4r de fostrat tre barn. Gunhild, Ragnar och Erik. Ante dog samma \u00e5r jag flyttade hit, och hans lilla stuga \u00e4r riven.Arbetet med jordbruket och djuren\u00a0\u00a0\u00e4r Emma och Verners\u00a0huvudsyssla. Verner arbetar periodvis i skogen. Dottern Gunhild har utbildat sig till h\u00e5rfris\u00f6rska\u00a0 och driver en\u00a0frisersalong i Sollefte\u00e5.\u00a0 Erik\u00a0 \u00e4r f\u00f6rest\u00e5ndare f\u00f6r Esso bensinstation i Junsele. Ragnar arbetar som resemot\u00f6r f\u00f6r ASEA. \u00a0Ragnar spelar ocks\u00e5\u00a0trummor\u00a0 som tredje medlem i\u00a0 Holafors dansband.Verner \u00e4r en duktig\u00a0 s\u00e5gst\u00e4llare,\u00a0 slipar och st\u00e4ller s\u00e5gsvansar till skogsarbetare. Efter det att Verner blev \u00e4nkling ,flyttade Ragnar med familj hem och bosatte sig i en liten stuga p\u00e5 g\u00e5rden. I och med det startades en ny epok. Gudrun k\u00f6pte\u00a0farfar Hildings kiosk och flyttade den till riks 90. Dottern Karin skaffade ridh\u00e4st. Det var starten till Holafors ryttarf\u00f6rening ,d\u00e4r vi ocks\u00e5 kom in i bilden med\u00a0 v\u00e5ra flickors h\u00e4star. Den tiden finns att l\u00e4sa om i en separat art. &#8221;En begagnad h\u00e4st&#8221;(under D\u00e5 och Nu\u00a0)\u00a0 N\u00e5gra \u00e5r\u00a0efter Vernes d\u00f6d, renoverade\u00a0 Ragnar och Gudrun,\u00a0Verners\u00a0hus som bostad\u00a0till sig sj\u00e4lva.<\/p>\n<p>\u00a0Efter Ragnars tragiska fr\u00e5nf\u00e4lle, flyttade Gudrun och nya \u00e4gare har tagit\u00a0 \u00f6ver fastigheten, som\u00a0 sedan flera \u00e5r \u00e4r avskild fr\u00e5n ridskolan. Om Holafors nuvarande ridskola st\u00e5r att l\u00e4sa p\u00e5 deras hemsida <a href=\"http:\/\/www.holaforsridskola.se\">www.holaforsridskola.se<\/a><\/p>\n<p>\u00a0\u00a0\u00a0\u00a0\u00a0\u00a0\u00a0\u00a0\u00a0\u00a0\u00a0\u00a0\u00a0\u00a0\u00a0\u00a0\u00a0\u00a0\u00a0\u00a0\u00a0\u00a0\u00a0 19. Albin Altins<\/p>\n<p>Forts\u00e4tter man byv\u00e4gen, kommer\u00a0 man till en \u00a0kurva som sv\u00e4nger mot Ystbyn.\u00a0 Mitt i den kurvan leder en stig till V\u00e4stbyns sista g\u00e5rd. D\u00e4r bor Albin Altin\u00a0 med sin vuxna dotter Gerda p\u00e5 ett litet gr\u00e5tt torpst\u00e4lle. H\u00e4r har Albin tillsammans med sin framlidna hustru Anna fostrat tre barn.\u00a0Bror , Nils Och Gerda.\u00a0Hur de kunde f\u00f6rs\u00f6rja sig p\u00e5 den lilla jordpl\u00e4tten och n\u00e5gra kreatur i den lilla ladug\u00e5rden \u00e4r f\u00f6r mig en g\u00e5ta. Bror och Nils har bildat egna familjer, men Gerda bor kvar hemma hos sin far. Albin minns jag som en liten tunn farbror som ofta satt p\u00e5 Bertils aff\u00e4r och pratade med folk. Albin spelade durspel. Har ett minne fr\u00e5n min hemby Bysj\u00f6n,\u00a0 d\u00e4r Albin och Petter p\u00e5 Lapp\u00e5sen spelar durspel tillsammans.Gerda\u00a0\u00e4r duktig mattv\u00e4verska. V\u00e4ver mattor\u00a0 och klipper mattrasor p\u00e5 best\u00e4llning. Efter pappa Albins d\u00f6d bodde hon kvar och arbetade en tid som hemsamarit.\u00a0 Flyttade sedan till ett litet hus i ystbyn. Torpstugan stod\u00a0efter det\u00a0obebodd.<\/p>\n<p>I flera \u00e5r vandrade jag sommartid\u00a0upp till den lilla stugan, och satt p\u00e5 stugubron.\u00a0 En m\u00e4rklig frid och ro infann sig. Tankarna gick till den lilla familjen och deras m\u00f6da och slit p\u00e5 den lilla jordpl\u00e4tten. Numera tillh\u00f6r torpet, Ingelssons nya \u00e4gare.<\/p>\n<p>Tillbaka p\u00e5 byv\u00e4gen passerar vi &#8221;H\u00f6verg\u00e4rla&#8221; innan vi n\u00e5r &#8221;Langremma\u00a0&#8221; och Ystbyn.\u00a0 Numera har nya riks90\u00a0 skurit av byv\u00e4gen en bit, men snart l\u00e4mnar vi\u00a0 riks 90 och\u00a0kommer\u00a0 in p\u00e5 byv\u00e4gen igen.<\/p>\n","protected":false},"excerpt":{"rendered":"<p>\u00a0\u00a0V\u00e4stbyn \u00e4r min del av byn.Den del som blev min och min familjs fasta punkt. \u00a0\u00a0\u00a0\u00a0\u00a0\u00a0\u00a0\u00a0\u00a0\u00a0\u00a0\u00a0\u00a0\u00a0\u00a0\u00a0\u00a0\u00a0\u00a0\u00a0\u00a0\u00a0\u00a0\u00a0\u00a0\u00a0\u00a0\u00a0 13. Helenas N\u00e4r vi passerat L\u00e5ngmon, kommer vi fram till Helena och Albert Fj\u00e4lls\u00a0 jordbruksfastighet. Helena och Albert fick sex barn, varav den yngsta &hellip; <a href=\"https:\/\/holafors.vildavastra.se\/?page_id=192\">Forts\u00e4tt l\u00e4sa <span class=\"meta-nav\">&rarr;<\/span><\/a><\/p>\n","protected":false},"author":1,"featured_media":0,"parent":0,"menu_order":10,"comment_status":"open","ping_status":"open","template":"onecolumn-page.php","meta":{"footnotes":""},"class_list":["post-192","page","type-page","status-publish","hentry"],"_links":{"self":[{"href":"https:\/\/holafors.vildavastra.se\/index.php?rest_route=\/wp\/v2\/pages\/192","targetHints":{"allow":["GET"]}}],"collection":[{"href":"https:\/\/holafors.vildavastra.se\/index.php?rest_route=\/wp\/v2\/pages"}],"about":[{"href":"https:\/\/holafors.vildavastra.se\/index.php?rest_route=\/wp\/v2\/types\/page"}],"author":[{"embeddable":true,"href":"https:\/\/holafors.vildavastra.se\/index.php?rest_route=\/wp\/v2\/users\/1"}],"replies":[{"embeddable":true,"href":"https:\/\/holafors.vildavastra.se\/index.php?rest_route=%2Fwp%2Fv2%2Fcomments&post=192"}],"version-history":[{"count":37,"href":"https:\/\/holafors.vildavastra.se\/index.php?rest_route=\/wp\/v2\/pages\/192\/revisions"}],"predecessor-version":[{"id":282,"href":"https:\/\/holafors.vildavastra.se\/index.php?rest_route=\/wp\/v2\/pages\/192\/revisions\/282"}],"wp:attachment":[{"href":"https:\/\/holafors.vildavastra.se\/index.php?rest_route=%2Fwp%2Fv2%2Fmedia&parent=192"}],"curies":[{"name":"wp","href":"https:\/\/api.w.org\/{rel}","templated":true}]}}