{"id":161,"date":"2010-10-26T22:08:35","date_gmt":"2010-10-26T20:08:35","guid":{"rendered":"http:\/\/holafors.vildavastra.se\/?page_id=161"},"modified":"2010-11-08T17:56:24","modified_gmt":"2010-11-08T16:56:24","slug":"overbyn-2","status":"publish","type":"page","link":"https:\/\/holafors.vildavastra.se\/?page_id=161","title":{"rendered":"\u00d6verbyn"},"content":{"rendered":"<p>\u00d6verbyn best\u00e5r av 12 g\u00e5rdar, och l\u00e4ngst bort vid gr\u00e4nsen mot G\u00e5releh\u00f6jden bor :\u00a0 1 Johannes Fj\u00e4ll.<\/p>\n<p>Johannes och Agnes Fj\u00e4ll bor p\u00e5 ett Per Albinstorp, en \u00e4gostyckning fr\u00e5n Sundvalls stamhemman. Deras barn Vega, Signe Irma, Nanna och Anna har flyttat hemifr\u00e5n. Johannes arbetar med stens\u00e4ttning av broar och v\u00e4gr\u00e4cken, vid sidan av torpets sk\u00f6tsel.\u00a0Agnes sk\u00f6ter hem och ladug\u00e5rd. Hennes stora intresse \u00e4r gamla och vackra saker, som hon v\u00e5rdar \u00f6mt i sitt hem och sin bryggstuga. Johannes \u00e4r duktig p\u00e5 n\u00e4verarbeten. Deras torp s\u00e5ldes\u00a0efter deras d\u00f6d\u00a0till\u00a0Gunilla Hesser med fam.Torpet fick d\u00e5 en annan pr\u00e4gel, Agnes bryggstuga blev t.ex. omgjord till garage. Nuvarande \u00e4gare \u00e5r 2010\u00a0Bo\u00a0Folkesson.\u00a0<\/p>\n<p>Som en\u00a0liten ankedot: Agnes ord n\u00e4r hon f\u00f6rsta g\u00e5ngen tr\u00e4ffade mig\u00a0och v\u00e5r dotter Lille-Mon 1955; N\u00e4r hon blir 18 \u00e5r \u00e4r ni lika gamla. Jag som 18-\u00e5ring d\u00e5, tyckte det l\u00e4t underligt. Men n\u00e4r Lille-Mon blev mor vid 18 \u00e5r, f\u00f6rstod jag inneb\u00f6rden.<br \/>\nJohannes kom som tradition\u00a0n\u00e4r han blev \u00e4ldre, varje \u00e5r till oss\u00a0i adventstid och ville att Kjell skulle kolla om\u00a0 advent staken och julgransljusen fungerade. Han kom p\u00e5 cykel, med rimfrost p\u00e5 n\u00e4san och plastkasse p\u00e5 cykelstyret. En bild att minnas.<\/p>\n<p>\u00a0\u00a0\u00a0\u00a0\u00a0\u00a0\u00a0\u00a0\u00a0\u00a0\u00a0\u00a0\u00a0\u00a0\u00a0\u00a0\u00a0\u00a0\u00a0\u00a0\u00a0\u00a0\u00a0\u00a0\u00a0\u00a0\u00a0\u00a0\u00a0\u00a0\u00a02\u00a0 ALFRED FJ\u00c4LLS<\/p>\n<p>Alfred \u00e4r bror till Johannes,bor med sin fru Agda p\u00e5 Agdas f\u00e4derneg\u00e5rd, \u00a0D\u00e4r har de byggt\u00a0 sitt Per Albinstorp, f\u00f6tt upp sina\u00a0 fem barn ,Ingeg\u00e4rd, Anna-Lisa, Gunda\u00a0, och sonen Birger.Birger bor fortfarande kvar hemma. Alfred arbetar som sin bror med stens\u00e4ttning och jordbruksarbetet\u00a0 p\u00e5 torpet. Agda \u00e4r sjuklig, h\u00e5ller sig mest hemmavid med sysslor i hem och ladug\u00e5rd.\u00a0 Efter deras d\u00f6d har flera\u00a0olika familjer bott p\u00e5 fastigheten, Nu bor sedan flera \u00e5r \u00c5sa Kr\u00e5nglin och\u00a0 Billy R\u00e5dstr\u00f6m\u00a0 d\u00e4r. Dom har ocks\u00e5\u00a0 piffat upp huset, satt upp flera byggnader. Fastigheten har f\u00e5tt ett nytt utseende.<\/p>\n<p>\u00a0\u00a0\u00a0\u00a0\u00a0\u00a0\u00a0\u00a0\u00a0\u00a0\u00a0\u00a0\u00a0\u00a0\u00a0\u00a0\u00a0\u00a0\u00a0\u00a0\u00a0\u00a0\u00a0\u00a0\u00a0\u00a0\u00a0\u00a0\u00a0\u00a0\u00a0\u00a0\u00a0\u00a0\u00a0\u00a0\u00a0\u00a0\u00a03.\u00a0\u00a0 OLLES<\/p>\n<p>I n\u00e4sta g\u00e5rd bor ett skogs och jordbrukarpar, Olle och Lina Eriksson p\u00e5 en av Holafors \u00e4ldsta g\u00e5rdar. S\u00f6nerna Allan och Alfons bor kvar hemma,Alf har flyttat hemifr\u00e5n. Bror Johansson, kallas Botte systerson till Lina\u00a0, bor som inneboende i ett eget rum d\u00e4r. Olle h\u00e5ller h\u00e4st och k\u00f6r vintertid i timmerskogen. Lina\u00a0 har som jordbrukarhustru dagarna fyllda med att sk\u00f6ta hush\u00e5ll och ladug\u00e5rd. S\u00f6nerna arbetar med olika diversearbeten,bla. vid vattenfallsbygget. Botte arbetar i skogen. Han \u00e4r en trivsam profil som varje kv\u00e4ll kommer p\u00e5 sin moped till kiosken. \u00c5ker inte hem igen,utan att f\u00f6rst h\u00e4lsat p\u00e5\u00a0hos oss, med en liten godis till v\u00e5ra barn. En dag kom inte Botte l\u00e4ngre. En hj\u00e4rtinfarkt hade \u00e4ndat hans liv. Vi s\u00f6rjde honom l\u00e4nge. Efter Olle och Linas d\u00f6d har g\u00e5rden\u00a0varit i d\u00f6dsbos \u00e4go. Den \u00e4gs nu av en man vid namn Mikael Viklund.<\/p>\n<p>\u00a0\u00a0\u00a0\u00a0\u00a0\u00a0\u00a0\u00a0\u00a0\u00a0\u00a0\u00a0\u00a0\u00a0\u00a0\u00a0\u00a0\u00a0 4. Oskar Viklund<\/p>\n<p>\u00a0\u00a0\u00a0\u00a0\u00a0\u00a0\u00a0\u00a0\u00a0\u00a0\u00a0\u00a0\u00a0\u00a0\u00a0\u00a0\u00a0\u00a0 5. Gunnar Viklund<\/p>\n<p>En bit l\u00e4ngre bort i ett torp vid skogskanten bor Oskar Viklund med sin fru Ada. Dottern Margit har flyttat hemifr\u00e5n, sonen Gunnar med fam. har byggt sig en liten stuga p\u00e5 tomten intill deras.Deras Per Albinstorp \u00e4r ocks\u00e5 en \u00e4gostyckning\u00a0 fr\u00e5n det\u00a0Sundvallska stamhemmanet. De lever p\u00e5 vad jordbruket ger och Oskars arbete som skogshuggare vintertid. Ett trivsamt par,d\u00e4r omtanken f\u00f6r varandra lyser igenom. Efter deras d\u00f6d s\u00e5ldes torpet till\u00a0 Brevb\u00e4raren Helge Str\u00f6mberg. Sonen Gunnar\u00a0hade tidigare s\u00e5lt sitt hus\u00a0till en fam.vid namnVesterlund. Gunnar var f\u00f6r \u00f6vrigt en duktig gitarrspelare och en\u00a0 av medlemmarna i Holafors dansorkester.\u00a0 Numera bor Anette Jacobsen och Roland Persson med barn p\u00e5 fastigheten. Anettes f\u00f6r\u00e4ldrar bor i det mindre huset. Anette och Roland har med sin skapargl\u00e4dje satt en trivsam pr\u00e4gel p\u00e5 g\u00e5rden.<\/p>\n<p>\u00a0\u00a0\u00a0\u00a0\u00a0\u00a0\u00a0\u00a0\u00a0\u00a0\u00a0\u00a0\u00a0\u00a0\u00a0\u00a0\u00a0\u00a0\u00a0\u00a0\u00a0\u00a0\u00a0\u00a0\u00a0\u00a0\u00a0\u00a0\u00a0\u00a0\u00a0\u00a0\u00a0\u00a0\u00a06.\u00a0\u00a0\u00a0\u00a0 Hugo Holmbergs.<\/p>\n<p>Forts\u00e4tter\u00a0vi byv\u00e4gen en bit s\u00f6derut, kommer vi till\u00a0 Britt och Hugo Holmberg och deras dotter Ketty. Hugo har en \u00e5kerifima. De bor i en liten barack, men en fin tegelvilla h\u00e5ller p\u00e5 att uppf\u00f6ras p\u00e5 tomten.\u00a0 Byns dansbana Tallbacken,st\u00e5r p\u00e5 deras tomt. Uppf\u00f6rd av Hugo och Roland Karlsson. P\u00e5 den dansbanan firade Viola och Singvall Sundvall\u00a0sitt br\u00f6llop, Albin Fj\u00e4ll sin 50 \u00e5rs-dag, vilken \u00e4ven jag var inbjuden till. Hugo ut\u00f6kar sin firma fr\u00e5n lastbil till traktorer och v\u00e4ghyvel. Han sk\u00f6ter byv\u00e4gen sommar som vinter. Britt\u00a0 arbetade flera \u00e5r p\u00e5 Sollefte\u00e5 sjukhus. \u00d6ppnade sitt hem p\u00e5 senare \u00e5r f\u00f6r fostersonen B\u00f6rje. Han blev ocks\u00e5 en k\u00e4r g\u00e4st hos oss. Hugo finns inte kvar l\u00e4ngre, men Britt bor kvar i sin fina villa och sk\u00f6ter tr\u00e4dg\u00e5rden exemplariskt trots sin \u00e5lder. Dottern Ketty driver en firma i Sollefte\u00e5 med tr\u00e4dg\u00e5rdprydnader. Dansbanan blev nedlagd\u00a0 och\u00a0\u00e4r riven sedan flera \u00e5r tillbaka.<\/p>\n<p>\u00a0\u00a0\u00a0\u00a0\u00a0\u00a0\u00a0\u00a0\u00a0\u00a0\u00a0\u00a0\u00a0\u00a0\u00a0\u00a0\u00a0\u00a0\u00a0\u00a0\u00a07.\u00a0\u00a0\u00a0 Liberia Eriksson.<\/p>\n<p>Mittemot Hugos bor Liberia\u00a0 och hennes bror Nils, allm\u00e4nt kallad Nicke., samt Liberias\u00a0sonTage \u00d6man. Liberia\u00a0\u00e4r en anonym person f\u00f6r mig. Nicke d\u00e4remot\u00a0\u00e4r en s\u00e4llskaplig person som g\u00e4rna h\u00e4lsar p\u00e5. Ber\u00e4ttar historier om sina eskapader som ofta slutar\u00a0med orden\u00a0: &#8221; J\u00e4g tro j\u00e4g f\u00e5ll ihop och d\u00f6&#8221;.\u00a0 Tage\u00a0 \u00e4r en virutios p\u00e5 dragspel. Spelar med i Holafors dansband.\u00a0 Liberia\u00a0 Nicke och\u00a0 Tage finns inte hos oss l\u00e4ngre. L\u00e4nge stod huset tomt.\u00a0Nu \u00e4gs torpet av Britt och Bengt Karlsson, Brottby.<\/p>\n<p>\u00a0\u00a0\u00a0\u00a0\u00a0\u00a0\u00a0\u00a0\u00a0\u00a0\u00a0\u00a0\u00a0\u00a0\u00a0\u00a0\u00a0\u00a0\u00a0\u00a0\u00a0\u00a0\u00a0\u00a0\u00a0\u00a0\u00a08.\u00a0\u00a0\u00a0 Artur Sundvalls<\/p>\n<p>Lite l\u00e4ngre bort, uppe p\u00e5 &#8221;kn\u00f6sen&#8221; bor Kjells morbror Artur med sin fru Vega . D\u00f6ttrarna Elsbeth, Borit och Vivianne har flyttat hemifr\u00e5n. Arturs torp \u00e4r en avstyckning fr\u00e5n f\u00f6r\u00e4ldrarna\u00a0 August och M\u00e4rta Sundvalls tidigare \u00e4gostyckning fr\u00e5n Sundvallska hemmanet. H\u00e4r byggde de ett Per-Albins hus och ladug\u00e5rd. P\u00e5 senare \u00e5r moderniserades huset liksom \u00f6vriga hus\u00a0i byn, med vatten och avlopp inomhus, badrum. Artur arbetade som bergarbetare och flyttade runt p\u00e5 olika arbeten.\u00a0 Vega\u00a0\u00e4r en glad och positiv kvinna som ofta kommer cyklande p\u00e5 v\u00e4g till post och aff\u00e4r. Stannar g\u00e4rna p\u00e5 en liten pratstund hos sv\u00e4gerskan Irene.Efter pensioneringen flyttade de till Junsele och s\u00e5lde huset till en\u00a0fam. Sj\u00f6din fr\u00e5n N\u00e4s\u00e5ker. Nu bor Nils Lindhal d\u00e4r.<\/p>\n<p>\u00a0\u00a0\u00a0\u00a0\u00a0\u00a0\u00a0\u00a0\u00a0\u00a0\u00a0\u00a0\u00a0\u00a0\u00a0\u00a0\u00a0\u00a0\u00a0\u00a0\u00a0\u00a0\u00a0\u00a0\u00a0\u00a09.\u00a0\u00a0\u00a0 Astrid Sundvall<\/p>\n<p>Astrid Sundvall \u00e4r \u00e4nka efter Adrian Sundvall,\u00e4ven han Kjells morbror och\u00a0bror till Artur. Adrians torp \u00e4r liksom Arturs en avstyckning fr\u00e5n f\u00f6r\u00e4ldrarnas \u00e4gostyckning. Adrian fanns inte i livet n\u00e4r jag kom till Holafors. Men hans fru Astrid, hennes son G\u00f6te och Astrids far Olle Mohlen bor kvar d\u00e4r. N\u00e5gra \u00e5r senare\u00a0ut\u00f6kades fam med\u00a0G\u00f6tes sambo Anita och deras dotter Karin. Ladug\u00e5rden\u00a0 som tidigare tillh\u00f6rt stamfastigheten, st\u00e5r nu\u00a0tom ,Astrid g\u00e5r i dagsverke, bakar tunnbr\u00f6d och hj\u00e4lper till med \u00f6vriga g\u00f6rom\u00e5l hos beh\u00f6vande. G\u00f6te o Anita flyttade sedan till N\u00e4s\u00e5ker. N\u00e5gra \u00e5r d\u00e4refter flyttade ocks\u00e5 Astrid och Olle. Huset s\u00e5ldes 1980 till en ny \u00e4gare.<\/p>\n<p>\u00a0\u00a0\u00a0\u00a0\u00a0\u00a0\u00a0\u00a0\u00a0\u00a0\u00a0\u00a0\u00a0\u00a0\u00a0\u00a0\u00a0\u00a0\u00a0\u00a0\u00a0\u00a0 10. Sundvalls sterbhus<\/p>\n<p>August och M\u00e4rta Sundvalls hus bebos tillf\u00e4lligt av\u00a0 Kjells tredje morbror Helge och hans fru Signe,\u00a0 och deras nyf\u00f6dde son Bo. August dog 1934 och mormor M\u00e4rta bor p\u00e5 grund av \u00e5lder och sjukdom hos Kjells f\u00f6r\u00e4ldrar. Det har ber\u00e4ttats f\u00f6r mig att August och M\u00e4rta fick n\u00e4r de gifte sig en \u00e4gostyckning av August far,\u00a0Olof Petter Sundvall d\u00e4:e\u00a0En skogstomt utan varken hus eller odlad mark. D\u00e4r byggde de sitt hus och ladug\u00e5rd, odlade upp marken. Fem barn f\u00f6ddes,Adrian, Ansgar, Artur,\u00a0 Erene och Helge. Helge och Signe har k\u00f6pt Olofssons g\u00e5rd i Ystbyn d\u00e4r postkontoret \u00e4r inhyrd. De ska s\u00e5 sm\u00e5ningom flytta dit.Signe ska i forts\u00e4ttningen sk\u00f6ta poststationen.\u00a0Huset som efter M\u00e4rta Sunvalls d\u00f6d, \u00e4gdes av sterbhuset,\u00a0stod l\u00e4nge tomt\u00a0, men blev inl\u00f6st och j\u00e4mnat med marken n\u00e4r\u00a0 nya riks 90 byggdes p\u00e5 70-talet. Nu har skogen \u00e5tertagit marken.<\/p>\n<p>\u00a0\u00a0\u00a0\u00a0\u00a0\u00a0\u00a0\u00a0\u00a0\u00a0\u00a0\u00a0\u00a0\u00a0\u00a0\u00a0\u00a0\u00a0\u00a0\u00a0\u00a0\u00a0\u00a0\u00a0\u00a0\u00a0\u00a0\u00a0\u00a0\u00a0\u00a0\u00a0 11. Daniel Hedins<\/p>\n<p>Till h\u00f6ger vid \u00e4lvbrinken, bor\u00a0 f. d.\u00a0J\u00e4rnv\u00e4gsarbetaren Daniel Hedin med sin fru Hildur. Dottern Vera har flyttat hemifr\u00e5n .\u00a0 Deras andra dotterIrma bor hemma.\u00a0 De har ett litet jordbruk med kor och getter. Hildur \u00e4r k\u00e4nd f\u00f6r sin goda getmese och ost som hon s\u00e4ljer till fasta kunder. Vi har &#8221;mj\u00f6lktag&#8221; hos\u00a0\u00a0Hildur .Tre liter per dag. Daniel \u00e4r konstn\u00e4rlig. t\u00e4ljer gubbar i tr\u00e4, vilka\u00a0blir exemplarisk lika den person han v\u00e4ljer att avbilda. M\u00e5lar \u00e4ven tavlor, samt bedriver homepati. Dottern Irma\u00a0stannade efter f\u00f6r\u00e4ldrarnas d\u00f6d kvar p\u00e5 g\u00e5rden.\u00a0d\u00e4r hon \u00e4nnu bor kvar.Irmas dotter Ilona \u00e4r ocks\u00e5 uppv\u00e4xt p\u00e5 morf\u00f6r\u00e4ldrarnas g\u00e5rd, flyttade som vuxen till Sollefte\u00e5.<\/p>\n<p>\u00a0\u00a0\u00a0\u00a0\u00a0\u00a0\u00a0\u00a0\u00a0\u00a0\u00a0\u00a0\u00a0\u00a0\u00a0\u00a0\u00a0\u00a0\u00a0\u00a0\u00a0\u00a0\u00a0 12. Anders Nybergs.<\/p>\n<p>P\u00e5 ett litet skogstorp ,mitt i skogen bor Anders och Hildur Nyberg med sina fem barn. Torpet har\u00a0Anders \u00e4rvt efter sina f\u00f6r\u00e4ldrar. Anders arbetar i skogen, Hildur sk\u00f6ter som \u00f6vriga jordbrukarhustrur i byn, hem och ladug\u00e5rd. Eftersom g\u00e5rden ligger lite avsides fr\u00e5n v\u00e4gen, blir det inte s\u00e5 ofta jag bes\u00f6ker den. Den nya riks 90s\u00a0 nuvarande str\u00e4ckning gjorde att g\u00e5rden kom n\u00e4rmare, men blev avskuren fr\u00e5n byv\u00e4gen. Anders och Hildur gick s\u00e5 sm\u00e5ningom skilda v\u00e4gar, fam flyttade fr\u00e5n Holafors. Nu har en sl\u00e4kting till Anders tagit \u00f6ver torpet\u00a0 och gjort det till\u00a0sitt sommarst\u00e4lle.<\/p>\n<p>Vi har nu bes\u00f6kt \u00d6verbyns 12 g\u00e5rdar. Alla \u00e4r bebodda men endast tv\u00e5,\u00a0 Holmbergs och Hedins har samma \u00e4gare som\u00a0 \u00e5r1955.\u00a0 Forts\u00e4tter vi byv\u00e4gen f\u00f6rbi Nybergssk\u00e4ringen och genom L\u00e5ngmon kommer vi till V\u00e4stbyn med sju g\u00e5rdar.<\/p>\n","protected":false},"excerpt":{"rendered":"<p>\u00d6verbyn best\u00e5r av 12 g\u00e5rdar, och l\u00e4ngst bort vid gr\u00e4nsen mot G\u00e5releh\u00f6jden bor :\u00a0 1 Johannes Fj\u00e4ll. Johannes och Agnes Fj\u00e4ll bor p\u00e5 ett Per Albinstorp, en \u00e4gostyckning fr\u00e5n Sundvalls stamhemman. Deras barn Vega, Signe Irma, Nanna och Anna har &hellip; <a href=\"https:\/\/holafors.vildavastra.se\/?page_id=161\">Forts\u00e4tt l\u00e4sa <span class=\"meta-nav\">&rarr;<\/span><\/a><\/p>\n","protected":false},"author":2,"featured_media":0,"parent":0,"menu_order":8,"comment_status":"open","ping_status":"open","template":"onecolumn-page.php","meta":{"footnotes":""},"class_list":["post-161","page","type-page","status-publish","hentry"],"_links":{"self":[{"href":"https:\/\/holafors.vildavastra.se\/index.php?rest_route=\/wp\/v2\/pages\/161","targetHints":{"allow":["GET"]}}],"collection":[{"href":"https:\/\/holafors.vildavastra.se\/index.php?rest_route=\/wp\/v2\/pages"}],"about":[{"href":"https:\/\/holafors.vildavastra.se\/index.php?rest_route=\/wp\/v2\/types\/page"}],"author":[{"embeddable":true,"href":"https:\/\/holafors.vildavastra.se\/index.php?rest_route=\/wp\/v2\/users\/2"}],"replies":[{"embeddable":true,"href":"https:\/\/holafors.vildavastra.se\/index.php?rest_route=%2Fwp%2Fv2%2Fcomments&post=161"}],"version-history":[{"count":33,"href":"https:\/\/holafors.vildavastra.se\/index.php?rest_route=\/wp\/v2\/pages\/161\/revisions"}],"predecessor-version":[{"id":224,"href":"https:\/\/holafors.vildavastra.se\/index.php?rest_route=\/wp\/v2\/pages\/161\/revisions\/224"}],"wp:attachment":[{"href":"https:\/\/holafors.vildavastra.se\/index.php?rest_route=%2Fwp%2Fv2%2Fmedia&parent=161"}],"curies":[{"name":"wp","href":"https:\/\/api.w.org\/{rel}","templated":true}]}}